{"id":999,"date":"2024-09-26T08:07:58","date_gmt":"2024-09-26T08:07:58","guid":{"rendered":"https:\/\/spiroide.com\/?page_id=999"},"modified":"2024-09-26T08:07:58","modified_gmt":"2024-09-26T08:07:58","slug":"engranajes-conicos-espirales","status":"publish","type":"page","link":"https:\/\/spiroide.com\/es\/engranajes-conicos-espirales\/","title":{"rendered":"Engranajes C\u00f3nicos Espirales"},"content":{"rendered":"\t\t<div data-elementor-type=\"wp-page\" data-elementor-id=\"999\" class=\"elementor elementor-999 elementor-998\" data-elementor-post-type=\"page\">\n\t\t\t\t<div class=\"elementor-element elementor-element-659c4bb e-con-full e-flex e-con e-parent\" data-id=\"659c4bb\" data-element_type=\"container\" data-e-type=\"container\">\n\t\t<div class=\"elementor-element elementor-element-544a829 e-con-full e-flex e-con e-child\" data-id=\"544a829\" data-element_type=\"container\" data-e-type=\"container\" data-settings=\"{&quot;background_background&quot;:&quot;classic&quot;}\">\n\t\t\t\t<div class=\"elementor-element elementor-element-50ce2ac elementor-widget elementor-widget-heading\" data-id=\"50ce2ac\" data-element_type=\"widget\" data-e-type=\"widget\" data-widget_type=\"heading.default\">\n\t\t\t\t<div class=\"elementor-widget-container\">\n\t\t\t\t\t<h2 class=\"elementor-heading-title elementor-size-default\">Engranajes C\u00f3nicos Espirales<\/h2>\t\t\t\t<\/div>\n\t\t\t\t<\/div>\n\t\t\t\t<\/div>\n\t\t<div class=\"elementor-element elementor-element-3b289c7 e-con-full e-flex e-con e-child\" data-id=\"3b289c7\" data-element_type=\"container\" data-e-type=\"container\" data-settings=\"{&quot;background_background&quot;:&quot;classic&quot;}\">\n\t\t\t\t<\/div>\n\t\t\t\t<\/div>\n\t\t<div class=\"elementor-element elementor-element-97e8181 e-flex e-con-boxed e-con e-parent\" data-id=\"97e8181\" data-element_type=\"container\" data-e-type=\"container\">\n\t\t\t\t\t<div class=\"e-con-inner\">\n\t\t<div class=\"elementor-element elementor-element-12b7984 e-con-full e-flex e-con e-child\" data-id=\"12b7984\" data-element_type=\"container\" data-e-type=\"container\">\n\t\t\t\t<div class=\"elementor-element elementor-element-aa725cc elementor-widget elementor-widget-text-editor\" data-id=\"aa725cc\" data-element_type=\"widget\" data-e-type=\"widget\" data-widget_type=\"text-editor.default\">\n\t\t\t\t<div class=\"elementor-widget-container\">\n\t\t\t\t\t\t\t\t\t<p><span style=\"color: #0075C9\">Tallado de engranaje <\/span> M\u00e1ximo \u00d8 1.000 mm <\/p>\n\t\t\t\t\t\t\t\t<\/div>\n\t\t\t\t<\/div>\n\t\t\t\t<div class=\"elementor-element elementor-element-c9c9831 elementor-widget elementor-widget-text-editor\" data-id=\"c9c9831\" data-element_type=\"widget\" data-e-type=\"widget\" data-widget_type=\"text-editor.default\">\n\t\t\t\t<div class=\"elementor-widget-container\">\n\t\t\t\t\t\t\t\t\t<span style=\"color: #0075C9\">Rectificado de flancos<\/span> M\u00e1ximo \u00d8 850 mm\n\t\t\t\t\t\t\t\t<\/div>\n\t\t\t\t<\/div>\n\t\t\t\t<div class=\"elementor-element elementor-element-850744e elementor-widget elementor-widget-text-editor\" data-id=\"850744e\" data-element_type=\"widget\" data-e-type=\"widget\" data-widget_type=\"text-editor.default\">\n\t\t\t\t<div class=\"elementor-widget-container\">\n\t\t\t\t\t\t\t\t\t<p><span style=\"color: #0075c9;\">M\u00f3dulo m\u00e1ximo<\/span> Hasta 15,5<\/p>\n\t\t\t\t\t\t\t\t<\/div>\n\t\t\t\t<\/div>\n\t\t\t\t<div class=\"elementor-element elementor-element-6e3429b elementor-widget elementor-widget-text-editor\" data-id=\"6e3429b\" data-element_type=\"widget\" data-e-type=\"widget\" data-widget_type=\"text-editor.default\">\n\t\t\t\t<div class=\"elementor-widget-container\">\n\t\t\t\t\t\t\t\t\t<p>Calidad 4 garantizada seg\u00fan DIN 3962<\/p>\n\t\t\t\t\t\t\t\t<\/div>\n\t\t\t\t<\/div>\n\t\t\t\t<div class=\"elementor-element elementor-element-c14d555 elementor-widget-divider--view-line elementor-widget elementor-widget-divider\" data-id=\"c14d555\" data-element_type=\"widget\" data-e-type=\"widget\" data-widget_type=\"divider.default\">\n\t\t\t\t<div class=\"elementor-widget-container\">\n\t\t\t\t\t\t\t<div class=\"elementor-divider\">\n\t\t\t<span class=\"elementor-divider-separator\">\n\t\t\t\t\t\t<\/span>\n\t\t<\/div>\n\t\t\t\t\t\t<\/div>\n\t\t\t\t<\/div>\n\t\t\t\t<div class=\"elementor-element elementor-element-c0c6829 elementor-widget elementor-widget-text-editor\" data-id=\"c0c6829\" data-element_type=\"widget\" data-e-type=\"widget\" data-widget_type=\"text-editor.default\">\n\t\t\t\t<div class=\"elementor-widget-container\">\n\t\t\t\t\t\t\t\t\t<p><span style=\"color: #0075c9;\">Lapeado <\/span> M\u00e1ximo \u00d8 600 mm<\/p>\n\t\t\t\t\t\t\t\t<\/div>\n\t\t\t\t<\/div>\n\t\t\t\t<div class=\"elementor-element elementor-element-a2b877e elementor-widget elementor-widget-text-editor\" data-id=\"a2b877e\" data-element_type=\"widget\" data-e-type=\"widget\" data-widget_type=\"text-editor.default\">\n\t\t\t\t<div class=\"elementor-widget-container\">\n\t\t\t\t\t\t\t\t\t<p><span style=\"color: #0075c9;\">M\u00f3dulo m\u00e1ximo<\/span> Hasta 12<\/p>\n\t\t\t\t\t\t\t\t<\/div>\n\t\t\t\t<\/div>\n\t\t\t\t<div class=\"elementor-element elementor-element-b28da15 elementor-widget elementor-widget-text-editor\" data-id=\"b28da15\" data-element_type=\"widget\" data-e-type=\"widget\" data-widget_type=\"text-editor.default\">\n\t\t\t\t<div class=\"elementor-widget-container\">\n\t\t\t\t\t\t\t\t\t<p>Calidad 8 garantizada seg\u00fan DIN 3962<\/p>\n\t\t\t\t\t\t\t\t<\/div>\n\t\t\t\t<\/div>\n\t\t\t\t<div class=\"elementor-element elementor-element-73382a9 elementor-widget-divider--view-line elementor-widget elementor-widget-divider\" data-id=\"73382a9\" data-element_type=\"widget\" data-e-type=\"widget\" data-widget_type=\"divider.default\">\n\t\t\t\t<div class=\"elementor-widget-container\">\n\t\t\t\t\t\t\t<div class=\"elementor-divider\">\n\t\t\t<span class=\"elementor-divider-separator\">\n\t\t\t\t\t\t<\/span>\n\t\t<\/div>\n\t\t\t\t\t\t<\/div>\n\t\t\t\t<\/div>\n\t\t\t\t<\/div>\n\t\t<div class=\"elementor-element elementor-element-7772f6b e-con-full e-flex e-con e-child\" data-id=\"7772f6b\" data-element_type=\"container\" data-e-type=\"container\">\n\t\t\t\t<div class=\"elementor-element elementor-element-47ea8b2 elementor-widget elementor-widget-image\" data-id=\"47ea8b2\" data-element_type=\"widget\" data-e-type=\"widget\" data-widget_type=\"image.default\">\n\t\t\t\t<div class=\"elementor-widget-container\">\n\t\t\t\t\t\t\t\t\t\t\t\t\t\t\t<img fetchpriority=\"high\" decoding=\"async\" width=\"1024\" height=\"708\" src=\"https:\/\/spiroide.com\/wp-content\/uploads\/2024\/03\/MALLA-1024x708-1.png\" class=\"attachment-large size-large wp-image-590\" alt=\"\" srcset=\"https:\/\/spiroide.com\/wp-content\/uploads\/2024\/03\/MALLA-1024x708-1.png 1024w, https:\/\/spiroide.com\/wp-content\/uploads\/2024\/03\/MALLA-1024x708-1-300x207.png 300w, https:\/\/spiroide.com\/wp-content\/uploads\/2024\/03\/MALLA-1024x708-1-768x531.png 768w\" sizes=\"(max-width: 1024px) 100vw, 1024px\" \/>\t\t\t\t\t\t\t\t\t\t\t\t\t\t\t<\/div>\n\t\t\t\t<\/div>\n\t\t\t\t<\/div>\n\t\t\t\t\t<\/div>\n\t\t\t\t<\/div>\n\t\t<div class=\"elementor-element elementor-element-55a9fcd e-flex e-con-boxed e-con e-parent\" data-id=\"55a9fcd\" data-element_type=\"container\" data-e-type=\"container\">\n\t\t\t\t\t<div class=\"e-con-inner\">\n\t\t\t\t<div class=\"elementor-element elementor-element-12fa3f4 elementor-widget elementor-widget-image\" data-id=\"12fa3f4\" data-element_type=\"widget\" data-e-type=\"widget\" data-widget_type=\"image.default\">\n\t\t\t\t<div class=\"elementor-widget-container\">\n\t\t\t\t\t\t\t\t\t\t\t\t\t\t\t\t<a href=\"https:\/\/spiroide.com\/wp-content\/uploads\/2024\/03\/bevel_gears2.png\" data-elementor-open-lightbox=\"yes\" data-elementor-lightbox-title=\"bevel_gears2\" data-e-action-hash=\"#elementor-action%3Aaction%3Dlightbox%26settings%3DeyJpZCI6NTk2LCJ1cmwiOiJodHRwczpcL1wvc3Bpcm9pZGUuY29tXC93cC1jb250ZW50XC91cGxvYWRzXC8yMDI0XC8wM1wvYmV2ZWxfZ2VhcnMyLnBuZyJ9\">\n\t\t\t\t\t\t\t<img decoding=\"async\" width=\"900\" height=\"506\" src=\"https:\/\/spiroide.com\/wp-content\/uploads\/2024\/03\/bevel_gears2.png\" class=\"attachment-full size-full wp-image-596\" alt=\"\" srcset=\"https:\/\/spiroide.com\/wp-content\/uploads\/2024\/03\/bevel_gears2.png 900w, https:\/\/spiroide.com\/wp-content\/uploads\/2024\/03\/bevel_gears2-300x169.png 300w, https:\/\/spiroide.com\/wp-content\/uploads\/2024\/03\/bevel_gears2-768x432.png 768w\" sizes=\"(max-width: 900px) 100vw, 900px\" \/>\t\t\t\t\t\t\t\t<\/a>\n\t\t\t\t\t\t\t\t\t\t\t\t\t\t\t<\/div>\n\t\t\t\t<\/div>\n\t\t\t\t\t<\/div>\n\t\t\t\t<\/div>\n\t\t<div class=\"elementor-element elementor-element-d620d55 e-flex e-con-boxed e-con e-parent\" data-id=\"d620d55\" data-element_type=\"container\" data-e-type=\"container\">\n\t\t\t\t\t<div class=\"e-con-inner\">\n\t\t\t\t<div class=\"elementor-element elementor-element-af2afdd elementor-widget elementor-widget-text-editor\" data-id=\"af2afdd\" data-element_type=\"widget\" data-e-type=\"widget\" data-widget_type=\"text-editor.default\">\n\t\t\t\t<div class=\"elementor-widget-container\">\n\t\t\t\t\t\t\t\t\t<p>En Spiroide dise\u00f1amos y fabricamos engranajes c\u00f3nicos espirales e hipoides de alta precisi\u00f3n en acabado rectificado de flancos y lapeado, seg\u00fan geometr\u00edas Klingelnberg y Gleason.<\/p>\n<p>La experiencia y los conocimientos acumulados durante m\u00e1s de 75 a\u00f1os produciendo engranajes c\u00f3nicos espirales combinados con el \u00faltimo software en c\u00e1lculo de engranajes nos permiten ayudar a nuestros clientes a optimizar sus transmisiones para cada aplicaci\u00f3n.<\/p>\n\t\t\t\t\t\t\t\t<\/div>\n\t\t\t\t<\/div>\n\t\t\t\t<div class=\"elementor-element elementor-element-f8efe90 elementor-widget elementor-widget-text-editor\" data-id=\"f8efe90\" data-element_type=\"widget\" data-e-type=\"widget\" data-widget_type=\"text-editor.default\">\n\t\t\t\t<div class=\"elementor-widget-container\">\n\t\t\t\t\t\t\t\t\t<p>Utilizamos maquinaria y equipos de medici\u00f3n de \u00faltima generaci\u00f3n para producir y garantizar que cada engranaje cumpla con las especificaciones de nuestros clientes.<\/p>\n<p>Podemos garantizar Calidad DIN 4-6 seg\u00fan norma DIN 3962.<\/p>\n\t\t\t\t\t\t\t\t<\/div>\n\t\t\t\t<\/div>\n\t\t\t\t\t<\/div>\n\t\t\t\t<\/div>\n\t\t<div class=\"elementor-element elementor-element-0754dcb e-flex e-con-boxed e-con e-child\" data-id=\"0754dcb\" data-element_type=\"container\" data-e-type=\"container\">\n\t\t\t\t\t<div class=\"e-con-inner\">\n\t\t<div class=\"elementor-element elementor-element-e11a3f5 e-con-full e-flex e-con e-child\" data-id=\"e11a3f5\" data-element_type=\"container\" data-e-type=\"container\">\n\t\t<div class=\"elementor-element elementor-element-1a35a3f e-flex e-con-boxed e-con e-child\" data-id=\"1a35a3f\" data-element_type=\"container\" data-e-type=\"container\" data-settings=\"{&quot;background_background&quot;:&quot;classic&quot;}\">\n\t\t\t\t\t<div class=\"e-con-inner\">\n\t\t\t\t<div class=\"elementor-element elementor-element-f92fb37 overfloww elementor-widget elementor-widget-image\" data-id=\"f92fb37\" data-element_type=\"widget\" data-e-type=\"widget\" data-widget_type=\"image.default\">\n\t\t\t\t<div class=\"elementor-widget-container\">\n\t\t\t\t\t\t\t\t\t\t\t\t\t\t\t\t<a href=\"https:\/\/spiroide.com\/wp-content\/uploads\/2024\/03\/2-768x576-1.jpg\" data-elementor-open-lightbox=\"yes\" data-elementor-lightbox-title=\"2-768x576\" data-e-action-hash=\"#elementor-action%3Aaction%3Dlightbox%26settings%3DeyJpZCI6NTk5LCJ1cmwiOiJodHRwczpcL1wvc3Bpcm9pZGUuY29tXC93cC1jb250ZW50XC91cGxvYWRzXC8yMDI0XC8wM1wvMi03Njh4NTc2LTEuanBnIn0%3D\">\n\t\t\t\t\t\t\t<img decoding=\"async\" width=\"768\" height=\"576\" src=\"https:\/\/spiroide.com\/wp-content\/uploads\/2024\/03\/2-768x576-1.jpg\" class=\"elementor-animation-grow attachment-large size-large wp-image-599\" alt=\"\" srcset=\"https:\/\/spiroide.com\/wp-content\/uploads\/2024\/03\/2-768x576-1.jpg 768w, https:\/\/spiroide.com\/wp-content\/uploads\/2024\/03\/2-768x576-1-300x225.jpg 300w\" sizes=\"(max-width: 768px) 100vw, 768px\" \/>\t\t\t\t\t\t\t\t<\/a>\n\t\t\t\t\t\t\t\t\t\t\t\t\t\t\t<\/div>\n\t\t\t\t<\/div>\n\t\t\t\t\t<\/div>\n\t\t\t\t<\/div>\n\t\t\t\t<\/div>\n\t\t<div class=\"elementor-element elementor-element-26bf4fb e-con-full e-flex e-con e-child\" data-id=\"26bf4fb\" data-element_type=\"container\" data-e-type=\"container\" data-settings=\"{&quot;background_background&quot;:&quot;classic&quot;}\">\n\t\t<div class=\"elementor-element elementor-element-1b8ae31 e-con-full e-flex e-con e-child\" data-id=\"1b8ae31\" data-element_type=\"container\" data-e-type=\"container\">\n\t\t\t\t<div class=\"elementor-element elementor-element-af858bb overfloww elementor-widget elementor-widget-image\" data-id=\"af858bb\" data-element_type=\"widget\" data-e-type=\"widget\" data-widget_type=\"image.default\">\n\t\t\t\t<div class=\"elementor-widget-container\">\n\t\t\t\t\t\t\t\t\t\t\t\t\t\t\t\t<a href=\"https:\/\/spiroide.com\/wp-content\/uploads\/2024\/03\/3-1.jpg\" data-elementor-open-lightbox=\"yes\" data-elementor-lightbox-title=\"3 (1)\" data-e-action-hash=\"#elementor-action%3Aaction%3Dlightbox%26settings%3DeyJpZCI6NjAyLCJ1cmwiOiJodHRwczpcL1wvc3Bpcm9pZGUuY29tXC93cC1jb250ZW50XC91cGxvYWRzXC8yMDI0XC8wM1wvMy0xLmpwZyJ9\">\n\t\t\t\t\t\t\t<img loading=\"lazy\" decoding=\"async\" width=\"1023\" height=\"800\" src=\"https:\/\/spiroide.com\/wp-content\/uploads\/2024\/03\/3-1.jpg\" class=\"elementor-animation-grow attachment-full size-full wp-image-602\" alt=\"\" srcset=\"https:\/\/spiroide.com\/wp-content\/uploads\/2024\/03\/3-1.jpg 1023w, https:\/\/spiroide.com\/wp-content\/uploads\/2024\/03\/3-1-300x235.jpg 300w, https:\/\/spiroide.com\/wp-content\/uploads\/2024\/03\/3-1-768x601.jpg 768w\" sizes=\"(max-width: 1023px) 100vw, 1023px\" \/>\t\t\t\t\t\t\t\t<\/a>\n\t\t\t\t\t\t\t\t\t\t\t\t\t\t\t<\/div>\n\t\t\t\t<\/div>\n\t\t\t\t<\/div>\n\t\t<div class=\"elementor-element elementor-element-0b1de98 e-con-full e-flex e-con e-child\" data-id=\"0b1de98\" data-element_type=\"container\" data-e-type=\"container\">\n\t\t\t\t<div class=\"elementor-element elementor-element-5e88c26 overfloww elementor-widget elementor-widget-image\" data-id=\"5e88c26\" data-element_type=\"widget\" data-e-type=\"widget\" data-widget_type=\"image.default\">\n\t\t\t\t<div class=\"elementor-widget-container\">\n\t\t\t\t\t\t\t\t\t\t\t\t\t\t\t\t<a href=\"https:\/\/spiroide.com\/wp-content\/uploads\/2024\/03\/5-1.jpg\" data-elementor-open-lightbox=\"yes\" data-elementor-lightbox-title=\"5 (1)\" data-e-action-hash=\"#elementor-action%3Aaction%3Dlightbox%26settings%3DeyJpZCI6NjA1LCJ1cmwiOiJodHRwczpcL1wvc3Bpcm9pZGUuY29tXC93cC1jb250ZW50XC91cGxvYWRzXC8yMDI0XC8wM1wvNS0xLmpwZyJ9\">\n\t\t\t\t\t\t\t<img loading=\"lazy\" decoding=\"async\" width=\"1024\" height=\"768\" src=\"https:\/\/spiroide.com\/wp-content\/uploads\/2024\/03\/5-1-1024x768.jpg\" class=\"elementor-animation-grow attachment-large size-large wp-image-605\" alt=\"\" srcset=\"https:\/\/spiroide.com\/wp-content\/uploads\/2024\/03\/5-1-1024x768.jpg 1024w, https:\/\/spiroide.com\/wp-content\/uploads\/2024\/03\/5-1-300x225.jpg 300w, https:\/\/spiroide.com\/wp-content\/uploads\/2024\/03\/5-1-768x576.jpg 768w, https:\/\/spiroide.com\/wp-content\/uploads\/2024\/03\/5-1.jpg 1067w\" sizes=\"(max-width: 1024px) 100vw, 1024px\" \/>\t\t\t\t\t\t\t\t<\/a>\n\t\t\t\t\t\t\t\t\t\t\t\t\t\t\t<\/div>\n\t\t\t\t<\/div>\n\t\t\t\t<div class=\"elementor-element elementor-element-0fb8f7e overfloww elementor-widget elementor-widget-image\" data-id=\"0fb8f7e\" data-element_type=\"widget\" data-e-type=\"widget\" data-widget_type=\"image.default\">\n\t\t\t\t<div class=\"elementor-widget-container\">\n\t\t\t\t\t\t\t\t\t\t\t\t\t\t\t\t<a href=\"https:\/\/spiroide.com\/wp-content\/uploads\/2024\/03\/4-1.jpg\" data-elementor-open-lightbox=\"yes\" data-elementor-lightbox-title=\"4 (1)\" data-e-action-hash=\"#elementor-action%3Aaction%3Dlightbox%26settings%3DeyJpZCI6NjA4LCJ1cmwiOiJodHRwczpcL1wvc3Bpcm9pZGUuY29tXC93cC1jb250ZW50XC91cGxvYWRzXC8yMDI0XC8wM1wvNC0xLmpwZyJ9\">\n\t\t\t\t\t\t\t<img loading=\"lazy\" decoding=\"async\" width=\"1024\" height=\"751\" src=\"https:\/\/spiroide.com\/wp-content\/uploads\/2024\/03\/4-1-1024x751.jpg\" class=\"elementor-animation-grow attachment-large size-large wp-image-608\" alt=\"\" srcset=\"https:\/\/spiroide.com\/wp-content\/uploads\/2024\/03\/4-1-1024x751.jpg 1024w, https:\/\/spiroide.com\/wp-content\/uploads\/2024\/03\/4-1-300x220.jpg 300w, https:\/\/spiroide.com\/wp-content\/uploads\/2024\/03\/4-1-768x563.jpg 768w, https:\/\/spiroide.com\/wp-content\/uploads\/2024\/03\/4-1.jpg 1091w\" sizes=\"(max-width: 1024px) 100vw, 1024px\" \/>\t\t\t\t\t\t\t\t<\/a>\n\t\t\t\t\t\t\t\t\t\t\t\t\t\t\t<\/div>\n\t\t\t\t<\/div>\n\t\t\t\t<\/div>\n\t\t\t\t<\/div>\n\t\t\t\t\t<\/div>\n\t\t\t\t<\/div>\n\t\t\t\t<\/div>\n\t\t","protected":false},"excerpt":{"rendered":"<p>Engranajes C\u00f3nicos Espirales Tallado de engranaje M\u00e1ximo \u00d8 1.000 mm Rectificado de flancos M\u00e1ximo \u00d8 850 mm M\u00f3dulo m\u00e1ximo Hasta [&hellip;]<\/p>\n","protected":false},"author":1,"featured_media":0,"parent":0,"menu_order":0,"comment_status":"closed","ping_status":"closed","template":"","meta":{"site-sidebar-layout":"no-sidebar","site-content-layout":"","ast-site-content-layout":"full-width-container","site-content-style":"default","site-sidebar-style":"default","ast-global-header-display":"","ast-banner-title-visibility":"","ast-main-header-display":"","ast-hfb-above-header-display":"","ast-hfb-below-header-display":"","ast-hfb-mobile-header-display":"","site-post-title":"disabled","ast-breadcrumbs-content":"","ast-featured-img":"disabled","footer-sml-layout":"","ast-disable-related-posts":"","theme-transparent-header-meta":"","adv-header-id-meta":"","stick-header-meta":"","header-above-stick-meta":"","header-main-stick-meta":"","header-below-stick-meta":"","astra-migrate-meta-layouts":"default","ast-page-background-enabled":"default","ast-page-background-meta":{"desktop":{"background-color":"var(--ast-global-color-4)","background-image":"","background-repeat":"repeat","background-position":"center center","background-size":"auto","background-attachment":"scroll","background-type":"","background-media":"","overlay-type":"","overlay-color":"","overlay-opacity":"","overlay-gradient":""},"tablet":{"background-color":"","background-image":"","background-repeat":"repeat","background-position":"center center","background-size":"auto","background-attachment":"scroll","background-type":"","background-media":"","overlay-type":"","overlay-color":"","overlay-opacity":"","overlay-gradient":""},"mobile":{"background-color":"","background-image":"","background-repeat":"repeat","background-position":"center center","background-size":"auto","background-attachment":"scroll","background-type":"","background-media":"","overlay-type":"","overlay-color":"","overlay-opacity":"","overlay-gradient":""}},"ast-content-background-meta":{"desktop":{"background-color":"var(--ast-global-color-5)","background-image":"","background-repeat":"repeat","background-position":"center center","background-size":"auto","background-attachment":"scroll","background-type":"","background-media":"","overlay-type":"","overlay-color":"","overlay-opacity":"","overlay-gradient":""},"tablet":{"background-color":"var(--ast-global-color-5)","background-image":"","background-repeat":"repeat","background-position":"center center","background-size":"auto","background-attachment":"scroll","background-type":"","background-media":"","overlay-type":"","overlay-color":"","overlay-opacity":"","overlay-gradient":""},"mobile":{"background-color":"var(--ast-global-color-5)","background-image":"","background-repeat":"repeat","background-position":"center center","background-size":"auto","background-attachment":"scroll","background-type":"","background-media":"","overlay-type":"","overlay-color":"","overlay-opacity":"","overlay-gradient":""}},"footnotes":""},"class_list":["post-999","page","type-page","status-publish","hentry"],"_links":{"self":[{"href":"https:\/\/spiroide.com\/es\/wp-json\/wp\/v2\/pages\/999","targetHints":{"allow":["GET"]}}],"collection":[{"href":"https:\/\/spiroide.com\/es\/wp-json\/wp\/v2\/pages"}],"about":[{"href":"https:\/\/spiroide.com\/es\/wp-json\/wp\/v2\/types\/page"}],"author":[{"embeddable":true,"href":"https:\/\/spiroide.com\/es\/wp-json\/wp\/v2\/users\/1"}],"replies":[{"embeddable":true,"href":"https:\/\/spiroide.com\/es\/wp-json\/wp\/v2\/comments?post=999"}],"version-history":[{"count":1,"href":"https:\/\/spiroide.com\/es\/wp-json\/wp\/v2\/pages\/999\/revisions"}],"predecessor-version":[{"id":1004,"href":"https:\/\/spiroide.com\/es\/wp-json\/wp\/v2\/pages\/999\/revisions\/1004"}],"wp:attachment":[{"href":"https:\/\/spiroide.com\/es\/wp-json\/wp\/v2\/media?parent=999"}],"curies":[{"name":"wp","href":"https:\/\/api.w.org\/{rel}","templated":true}]}}