{"id":789,"date":"2024-03-13T11:59:11","date_gmt":"2024-03-13T11:59:11","guid":{"rendered":"https:\/\/spiroide.com\/engranajes-de-doble-helice\/"},"modified":"2024-03-15T17:02:51","modified_gmt":"2024-03-15T17:02:51","slug":"engranajes-de-doble-helice","status":"publish","type":"page","link":"https:\/\/spiroide.com\/es\/engranajes-de-doble-helice\/","title":{"rendered":"Engranajes doble Helicoidal"},"content":{"rendered":"\t\t<div data-elementor-type=\"wp-page\" data-elementor-id=\"789\" class=\"elementor elementor-789 elementor-31\" data-elementor-post-type=\"page\">\n\t\t\t\t<div class=\"elementor-element elementor-element-6756ef7 e-con-full e-flex e-con e-parent\" data-id=\"6756ef7\" data-element_type=\"container\" data-e-type=\"container\">\n\t\t<div class=\"elementor-element elementor-element-434e40b e-con-full e-flex e-con e-child\" data-id=\"434e40b\" data-element_type=\"container\" data-e-type=\"container\" data-settings=\"{&quot;background_background&quot;:&quot;classic&quot;}\">\n\t\t\t\t<div class=\"elementor-element elementor-element-5866c0f elementor-widget elementor-widget-heading\" data-id=\"5866c0f\" data-element_type=\"widget\" data-e-type=\"widget\" data-widget_type=\"heading.default\">\n\t\t\t\t<div class=\"elementor-widget-container\">\n\t\t\t\t\t<h2 class=\"elementor-heading-title elementor-size-default\">Engranajes doble Helicoidal<\/h2>\t\t\t\t<\/div>\n\t\t\t\t<\/div>\n\t\t\t\t<\/div>\n\t\t<div class=\"elementor-element elementor-element-30e5705 e-con-full e-flex e-con e-child\" data-id=\"30e5705\" data-element_type=\"container\" data-e-type=\"container\" data-settings=\"{&quot;background_background&quot;:&quot;classic&quot;}\">\n\t\t\t\t<\/div>\n\t\t\t\t<\/div>\n\t\t<div class=\"elementor-element elementor-element-6591988 e-flex e-con-boxed e-con e-parent\" data-id=\"6591988\" data-element_type=\"container\" data-e-type=\"container\">\n\t\t\t\t\t<div class=\"e-con-inner\">\n\t\t<div class=\"elementor-element elementor-element-2ecdf2b e-con-full e-flex e-con e-child\" data-id=\"2ecdf2b\" data-element_type=\"container\" data-e-type=\"container\">\n\t\t\t\t<div class=\"elementor-element elementor-element-b244bff elementor-widget elementor-widget-text-editor\" data-id=\"b244bff\" data-element_type=\"widget\" data-e-type=\"widget\" data-widget_type=\"text-editor.default\">\n\t\t\t\t<div class=\"elementor-widget-container\">\n\t\t\t\t\t\t\t\t\t<p><span style=\"color: #0075c9;\">Tallado de engranajes<\/span> \u00d8 m\u00e1ximo 2.000 mm<\/p>\n\t\t\t\t\t\t\t\t<\/div>\n\t\t\t\t<\/div>\n\t\t\t\t<div class=\"elementor-element elementor-element-5d52ed8 elementor-widget elementor-widget-text-editor\" data-id=\"5d52ed8\" data-element_type=\"widget\" data-e-type=\"widget\" data-widget_type=\"text-editor.default\">\n\t\t\t\t<div class=\"elementor-widget-container\">\n\t\t\t\t\t\t\t\t\t<p><span style=\"color: #0075c9;\">Afilado de dientes<\/span> \u00d8 m\u00e1ximo 2.000 mm<\/p>\n\t\t\t\t\t\t\t\t<\/div>\n\t\t\t\t<\/div>\n\t\t\t\t<div class=\"elementor-element elementor-element-1e90dde elementor-widget elementor-widget-text-editor\" data-id=\"1e90dde\" data-element_type=\"widget\" data-e-type=\"widget\" data-widget_type=\"text-editor.default\">\n\t\t\t\t<div class=\"elementor-widget-container\">\n\t\t\t\t\t\t\t\t\t<p><span style=\"color: #0075c9;\">Longitud<\/span> 2.000 mm<\/p>\n\t\t\t\t\t\t\t\t<\/div>\n\t\t\t\t<\/div>\n\t\t\t\t<div class=\"elementor-element elementor-element-c9edfd1 elementor-widget elementor-widget-text-editor\" data-id=\"c9edfd1\" data-element_type=\"widget\" data-e-type=\"widget\" data-widget_type=\"text-editor.default\">\n\t\t\t\t<div class=\"elementor-widget-container\">\n\t\t\t\t\t\t\t\t\t<p>Calidad garantizada 6 seg\u00fan DIN 3962<\/p>\n\t\t\t\t\t\t\t\t<\/div>\n\t\t\t\t<\/div>\n\t\t\t\t<div class=\"elementor-element elementor-element-8421fea elementor-widget-divider--view-line elementor-widget elementor-widget-divider\" data-id=\"8421fea\" data-element_type=\"widget\" data-e-type=\"widget\" data-widget_type=\"divider.default\">\n\t\t\t\t<div class=\"elementor-widget-container\">\n\t\t\t\t\t\t\t<div class=\"elementor-divider\">\n\t\t\t<span class=\"elementor-divider-separator\">\n\t\t\t\t\t\t<\/span>\n\t\t<\/div>\n\t\t\t\t\t\t<\/div>\n\t\t\t\t<\/div>\n\t\t\t\t<\/div>\n\t\t<div class=\"elementor-element elementor-element-05691e9 e-con-full e-flex e-con e-child\" data-id=\"05691e9\" data-element_type=\"container\" data-e-type=\"container\">\n\t\t\t\t<div class=\"elementor-element elementor-element-62c329c elementor-widget elementor-widget-image\" data-id=\"62c329c\" data-element_type=\"widget\" data-e-type=\"widget\" data-widget_type=\"image.default\">\n\t\t\t\t<div class=\"elementor-widget-container\">\n\t\t\t\t\t\t\t\t\t\t\t\t\t\t\t<img fetchpriority=\"high\" decoding=\"async\" width=\"842\" height=\"764\" src=\"https:\/\/spiroide.com\/wp-content\/uploads\/2024\/03\/principal.jpg\" class=\"attachment-large size-large wp-image-638\" alt=\"\" srcset=\"https:\/\/spiroide.com\/wp-content\/uploads\/2024\/03\/principal.jpg 842w, https:\/\/spiroide.com\/wp-content\/uploads\/2024\/03\/principal-300x272.jpg 300w, https:\/\/spiroide.com\/wp-content\/uploads\/2024\/03\/principal-768x697.jpg 768w\" sizes=\"(max-width: 842px) 100vw, 842px\" \/>\t\t\t\t\t\t\t\t\t\t\t\t\t\t\t<\/div>\n\t\t\t\t<\/div>\n\t\t\t\t<\/div>\n\t\t\t\t\t<\/div>\n\t\t\t\t<\/div>\n\t\t<div class=\"elementor-element elementor-element-60dc772 e-flex e-con-boxed e-con e-parent\" data-id=\"60dc772\" data-element_type=\"container\" data-e-type=\"container\">\n\t\t\t\t\t<div class=\"e-con-inner\">\n\t\t\t\t<div class=\"elementor-element elementor-element-269ed7a elementor-widget elementor-widget-text-editor\" data-id=\"269ed7a\" data-element_type=\"widget\" data-e-type=\"widget\" data-widget_type=\"text-editor.default\">\n\t\t\t\t<div class=\"elementor-widget-container\">\n\t\t\t\t\t\t\t\t\t<p>Producimos coronas y ejes doble helicoidales de hasta 2.000 mm de di\u00e1metro. La aplicaci\u00f3n de las correcciones \u00f3ptimas en abombamientos de perfil y h\u00e9lice, chaflanes de cabeza y\/o pie y el radio de pie aseguran un comportamiento ac\u00fastico de la transmisi\u00f3n i un funcionamiento \u00f3ptimo<\/p>\n\t\t\t\t\t\t\t\t<\/div>\n\t\t\t\t<\/div>\n\t\t\t\t\t<\/div>\n\t\t\t\t<\/div>\n\t\t<div class=\"elementor-element elementor-element-ea8ce90 e-flex e-con-boxed e-con e-child\" data-id=\"ea8ce90\" data-element_type=\"container\" data-e-type=\"container\">\n\t\t\t\t\t<div class=\"e-con-inner\">\n\t\t<div class=\"elementor-element elementor-element-cabb36d e-con-full e-flex e-con e-child\" data-id=\"cabb36d\" data-element_type=\"container\" data-e-type=\"container\">\n\t\t<div class=\"elementor-element elementor-element-3857d23 e-flex e-con-boxed e-con e-child\" data-id=\"3857d23\" data-element_type=\"container\" data-e-type=\"container\" data-settings=\"{&quot;background_background&quot;:&quot;classic&quot;}\">\n\t\t\t\t\t<div class=\"e-con-inner\">\n\t\t\t\t<div class=\"elementor-element elementor-element-bfe0dc9 overfloww elementor-widget elementor-widget-image\" data-id=\"bfe0dc9\" data-element_type=\"widget\" data-e-type=\"widget\" data-widget_type=\"image.default\">\n\t\t\t\t<div class=\"elementor-widget-container\">\n\t\t\t\t\t\t\t\t\t\t\t\t\t\t\t\t<a href=\"https:\/\/spiroide.com\/wp-content\/uploads\/2024\/03\/3-2.jpg\" data-elementor-open-lightbox=\"yes\" data-elementor-lightbox-title=\"3-2\" data-e-action-hash=\"#elementor-action%3Aaction%3Dlightbox%26settings%3DeyJpZCI6NjQ3LCJ1cmwiOiJodHRwczpcL1wvc3Bpcm9pZGUuY29tXC93cC1jb250ZW50XC91cGxvYWRzXC8yMDI0XC8wM1wvMy0yLmpwZyJ9\">\n\t\t\t\t\t\t\t<img decoding=\"async\" width=\"768\" height=\"1024\" src=\"https:\/\/spiroide.com\/wp-content\/uploads\/2024\/03\/3-2-768x1024.jpg\" class=\"elementor-animation-grow attachment-large size-large wp-image-647\" alt=\"\" srcset=\"https:\/\/spiroide.com\/wp-content\/uploads\/2024\/03\/3-2-768x1024.jpg 768w, https:\/\/spiroide.com\/wp-content\/uploads\/2024\/03\/3-2-225x300.jpg 225w, https:\/\/spiroide.com\/wp-content\/uploads\/2024\/03\/3-2-1152x1536.jpg 1152w, https:\/\/spiroide.com\/wp-content\/uploads\/2024\/03\/3-2.jpg 1200w\" sizes=\"(max-width: 768px) 100vw, 768px\" \/>\t\t\t\t\t\t\t\t<\/a>\n\t\t\t\t\t\t\t\t\t\t\t\t\t\t\t<\/div>\n\t\t\t\t<\/div>\n\t\t\t\t\t<\/div>\n\t\t\t\t<\/div>\n\t\t\t\t<\/div>\n\t\t<div class=\"elementor-element elementor-element-02ee9dd e-con-full e-flex e-con e-child\" data-id=\"02ee9dd\" data-element_type=\"container\" data-e-type=\"container\" data-settings=\"{&quot;background_background&quot;:&quot;classic&quot;}\">\n\t\t<div class=\"elementor-element elementor-element-20d40ce e-con-full e-flex e-con e-child\" data-id=\"20d40ce\" data-element_type=\"container\" data-e-type=\"container\">\n\t\t\t\t<div class=\"elementor-element elementor-element-ecf6459 overfloww elementor-widget elementor-widget-image\" data-id=\"ecf6459\" data-element_type=\"widget\" data-e-type=\"widget\" data-widget_type=\"image.default\">\n\t\t\t\t<div class=\"elementor-widget-container\">\n\t\t\t\t\t\t\t\t\t\t\t\t\t\t\t\t<a href=\"https:\/\/spiroide.com\/wp-content\/uploads\/2024\/03\/2-2-scaled-1.jpg\" data-elementor-open-lightbox=\"yes\" data-elementor-lightbox-title=\"2-2-scaled\" data-e-action-hash=\"#elementor-action%3Aaction%3Dlightbox%26settings%3DeyJpZCI6NjQ0LCJ1cmwiOiJodHRwczpcL1wvc3Bpcm9pZGUuY29tXC93cC1jb250ZW50XC91cGxvYWRzXC8yMDI0XC8wM1wvMi0yLXNjYWxlZC0xLmpwZyJ9\">\n\t\t\t\t\t\t\t<img decoding=\"async\" width=\"2560\" height=\"1707\" src=\"https:\/\/spiroide.com\/wp-content\/uploads\/2024\/03\/2-2-scaled-1.jpg\" class=\"elementor-animation-grow attachment-full size-full wp-image-644\" alt=\"\" srcset=\"https:\/\/spiroide.com\/wp-content\/uploads\/2024\/03\/2-2-scaled-1.jpg 2560w, https:\/\/spiroide.com\/wp-content\/uploads\/2024\/03\/2-2-scaled-1-300x200.jpg 300w, https:\/\/spiroide.com\/wp-content\/uploads\/2024\/03\/2-2-scaled-1-1024x683.jpg 1024w, https:\/\/spiroide.com\/wp-content\/uploads\/2024\/03\/2-2-scaled-1-768x512.jpg 768w, https:\/\/spiroide.com\/wp-content\/uploads\/2024\/03\/2-2-scaled-1-1536x1024.jpg 1536w, https:\/\/spiroide.com\/wp-content\/uploads\/2024\/03\/2-2-scaled-1-2048x1366.jpg 2048w\" sizes=\"(max-width: 2560px) 100vw, 2560px\" \/>\t\t\t\t\t\t\t\t<\/a>\n\t\t\t\t\t\t\t\t\t\t\t\t\t\t\t<\/div>\n\t\t\t\t<\/div>\n\t\t\t\t<div class=\"elementor-element elementor-element-5dbbb17 overfloww elementor-widget elementor-widget-image\" data-id=\"5dbbb17\" data-element_type=\"widget\" data-e-type=\"widget\" data-widget_type=\"image.default\">\n\t\t\t\t<div class=\"elementor-widget-container\">\n\t\t\t\t\t\t\t\t\t\t\t\t\t\t\t\t<a href=\"https:\/\/spiroide.com\/wp-content\/uploads\/2024\/03\/4-1-1.jpg\" data-elementor-open-lightbox=\"yes\" data-elementor-lightbox-title=\"4-1\" data-e-action-hash=\"#elementor-action%3Aaction%3Dlightbox%26settings%3DeyJpZCI6NjQxLCJ1cmwiOiJodHRwczpcL1wvc3Bpcm9pZGUuY29tXC93cC1jb250ZW50XC91cGxvYWRzXC8yMDI0XC8wM1wvNC0xLTEuanBnIn0%3D\">\n\t\t\t\t\t\t\t<img loading=\"lazy\" decoding=\"async\" width=\"1600\" height=\"1200\" src=\"https:\/\/spiroide.com\/wp-content\/uploads\/2024\/03\/4-1-1.jpg\" class=\"elementor-animation-grow attachment-full size-full wp-image-641\" alt=\"\" srcset=\"https:\/\/spiroide.com\/wp-content\/uploads\/2024\/03\/4-1-1.jpg 1600w, https:\/\/spiroide.com\/wp-content\/uploads\/2024\/03\/4-1-1-300x225.jpg 300w, https:\/\/spiroide.com\/wp-content\/uploads\/2024\/03\/4-1-1-1024x768.jpg 1024w, https:\/\/spiroide.com\/wp-content\/uploads\/2024\/03\/4-1-1-768x576.jpg 768w, https:\/\/spiroide.com\/wp-content\/uploads\/2024\/03\/4-1-1-1536x1152.jpg 1536w\" sizes=\"(max-width: 1600px) 100vw, 1600px\" \/>\t\t\t\t\t\t\t\t<\/a>\n\t\t\t\t\t\t\t\t\t\t\t\t\t\t\t<\/div>\n\t\t\t\t<\/div>\n\t\t\t\t<\/div>\n\t\t\t\t<\/div>\n\t\t\t\t\t<\/div>\n\t\t\t\t<\/div>\n\t\t\t\t<\/div>\n\t\t","protected":false},"excerpt":{"rendered":"<p>Engranajes doble Helicoidal Tallado de engranajes \u00d8 m\u00e1ximo 2.000 mm Afilado de dientes \u00d8 m\u00e1ximo 2.000 mm Longitud 2.000 mm [&hellip;]<\/p>\n","protected":false},"author":1,"featured_media":0,"parent":0,"menu_order":0,"comment_status":"closed","ping_status":"closed","template":"","meta":{"site-sidebar-layout":"no-sidebar","site-content-layout":"","ast-site-content-layout":"full-width-container","site-content-style":"default","site-sidebar-style":"default","ast-global-header-display":"","ast-banner-title-visibility":"","ast-main-header-display":"","ast-hfb-above-header-display":"","ast-hfb-below-header-display":"","ast-hfb-mobile-header-display":"","site-post-title":"disabled","ast-breadcrumbs-content":"","ast-featured-img":"disabled","footer-sml-layout":"","ast-disable-related-posts":"","theme-transparent-header-meta":"","adv-header-id-meta":"","stick-header-meta":"","header-above-stick-meta":"","header-main-stick-meta":"","header-below-stick-meta":"","astra-migrate-meta-layouts":"default","ast-page-background-enabled":"default","ast-page-background-meta":{"desktop":{"background-color":"var(--ast-global-color-4)","background-image":"","background-repeat":"repeat","background-position":"center center","background-size":"auto","background-attachment":"scroll","background-type":"","background-media":"","overlay-type":"","overlay-color":"","overlay-opacity":"","overlay-gradient":""},"tablet":{"background-color":"","background-image":"","background-repeat":"repeat","background-position":"center center","background-size":"auto","background-attachment":"scroll","background-type":"","background-media":"","overlay-type":"","overlay-color":"","overlay-opacity":"","overlay-gradient":""},"mobile":{"background-color":"","background-image":"","background-repeat":"repeat","background-position":"center center","background-size":"auto","background-attachment":"scroll","background-type":"","background-media":"","overlay-type":"","overlay-color":"","overlay-opacity":"","overlay-gradient":""}},"ast-content-background-meta":{"desktop":{"background-color":"var(--ast-global-color-5)","background-image":"","background-repeat":"repeat","background-position":"center center","background-size":"auto","background-attachment":"scroll","background-type":"","background-media":"","overlay-type":"","overlay-color":"","overlay-opacity":"","overlay-gradient":""},"tablet":{"background-color":"var(--ast-global-color-5)","background-image":"","background-repeat":"repeat","background-position":"center center","background-size":"auto","background-attachment":"scroll","background-type":"","background-media":"","overlay-type":"","overlay-color":"","overlay-opacity":"","overlay-gradient":""},"mobile":{"background-color":"var(--ast-global-color-5)","background-image":"","background-repeat":"repeat","background-position":"center center","background-size":"auto","background-attachment":"scroll","background-type":"","background-media":"","overlay-type":"","overlay-color":"","overlay-opacity":"","overlay-gradient":""}},"footnotes":""},"class_list":["post-789","page","type-page","status-publish","hentry"],"_links":{"self":[{"href":"https:\/\/spiroide.com\/es\/wp-json\/wp\/v2\/pages\/789","targetHints":{"allow":["GET"]}}],"collection":[{"href":"https:\/\/spiroide.com\/es\/wp-json\/wp\/v2\/pages"}],"about":[{"href":"https:\/\/spiroide.com\/es\/wp-json\/wp\/v2\/types\/page"}],"author":[{"embeddable":true,"href":"https:\/\/spiroide.com\/es\/wp-json\/wp\/v2\/users\/1"}],"replies":[{"embeddable":true,"href":"https:\/\/spiroide.com\/es\/wp-json\/wp\/v2\/comments?post=789"}],"version-history":[{"count":3,"href":"https:\/\/spiroide.com\/es\/wp-json\/wp\/v2\/pages\/789\/revisions"}],"predecessor-version":[{"id":880,"href":"https:\/\/spiroide.com\/es\/wp-json\/wp\/v2\/pages\/789\/revisions\/880"}],"wp:attachment":[{"href":"https:\/\/spiroide.com\/es\/wp-json\/wp\/v2\/media?parent=789"}],"curies":[{"name":"wp","href":"https:\/\/api.w.org\/{rel}","templated":true}]}}