{"id":774,"date":"2024-03-13T11:54:50","date_gmt":"2024-03-13T11:54:50","guid":{"rendered":"https:\/\/spiroide.com\/quienes-somos\/"},"modified":"2024-03-15T16:57:05","modified_gmt":"2024-03-15T16:57:05","slug":"quienes-somos","status":"publish","type":"page","link":"https:\/\/spiroide.com\/es\/quienes-somos\/","title":{"rendered":"Sobre Nosotros"},"content":{"rendered":"\t\t<div data-elementor-type=\"wp-page\" data-elementor-id=\"774\" class=\"elementor elementor-774 elementor-23\" data-elementor-post-type=\"page\">\n\t\t\t\t<div class=\"elementor-element elementor-element-9fb5e90 e-con-full e-flex e-con e-parent\" data-id=\"9fb5e90\" data-element_type=\"container\" data-e-type=\"container\">\n\t\t<div class=\"elementor-element elementor-element-91b5121 e-con-full e-flex e-con e-child\" data-id=\"91b5121\" data-element_type=\"container\" data-e-type=\"container\" data-settings=\"{&quot;background_background&quot;:&quot;classic&quot;}\">\n\t\t\t\t<div class=\"elementor-element elementor-element-82f23ec elementor-widget elementor-widget-heading\" data-id=\"82f23ec\" data-element_type=\"widget\" data-e-type=\"widget\" data-widget_type=\"heading.default\">\n\t\t\t\t<div class=\"elementor-widget-container\">\n\t\t\t\t\t<h2 class=\"elementor-heading-title elementor-size-default\">Sobre Nosotros<\/h2>\t\t\t\t<\/div>\n\t\t\t\t<\/div>\n\t\t\t\t<\/div>\n\t\t<div class=\"elementor-element elementor-element-09719c9 e-con-full e-flex e-con e-child\" data-id=\"09719c9\" data-element_type=\"container\" data-e-type=\"container\" data-settings=\"{&quot;background_background&quot;:&quot;classic&quot;}\">\n\t\t\t\t<\/div>\n\t\t\t\t<\/div>\n\t\t<div class=\"elementor-element elementor-element-74c2ccf e-flex e-con-boxed e-con e-parent\" data-id=\"74c2ccf\" data-element_type=\"container\" data-e-type=\"container\">\n\t\t\t\t\t<div class=\"e-con-inner\">\n\t\t\t\t<div class=\"elementor-element elementor-element-60f980f elementor-widget elementor-widget-text-editor\" data-id=\"60f980f\" data-element_type=\"widget\" data-e-type=\"widget\" data-widget_type=\"text-editor.default\">\n\t\t\t\t<div class=\"elementor-widget-container\">\n\t\t\t\t\t\t\t\t\t<p>SPIROIDE es un fabricante de engranajes c\u00f3nicos y helicoidales de alta precisi\u00f3n ubicado en Sant Joan de Vilatorrada (Barcelona) con m\u00e1s de 75 a\u00f1os en el mercado.<\/p>\n\t\t\t\t\t\t\t\t<\/div>\n\t\t\t\t<\/div>\n\t\t\t\t<div class=\"elementor-element elementor-element-362c397 elementor-widget elementor-widget-text-editor\" data-id=\"362c397\" data-element_type=\"widget\" data-e-type=\"widget\" data-widget_type=\"text-editor.default\">\n\t\t\t\t<div class=\"elementor-widget-container\">\n\t\t\t\t\t\t\t\t\t<p>En la actualidad, utilizamos los equipos de \u00faltima generaci\u00f3n m\u00e1s actualizados para producir engranajes de acuerdo con los estrictos requisitos de los clientes. Nuestra larga experiencia combinada con el \u00faltimo software de c\u00e1lculo nos permite ayudar a nuestros clientes a desarrollar y optimizar transmisiones totalmente personalizadas para un perfecto funcionamiento.<\/p>\n\t\t\t\t\t\t\t\t<\/div>\n\t\t\t\t<\/div>\n\t\t\t\t<div class=\"elementor-element elementor-element-1d0bda2 elementor-widget elementor-widget-text-editor\" data-id=\"1d0bda2\" data-element_type=\"widget\" data-e-type=\"widget\" data-widget_type=\"text-editor.default\">\n\t\t\t\t<div class=\"elementor-widget-container\">\n\t\t\t\t\t\t\t\t\t<p>Nuestra misi\u00f3n y visi\u00f3n es establecer relaciones comerciales a largo plazo con nuestros clientes ofreciendo una excelente combinaci\u00f3n de calidad, precio y servicio; y ser reconocidos como un fabricante de engranajes de alta precisi\u00f3n por la calidad y confianza en nuestros productos, combinando una producci\u00f3n local y una presencia global con una base de clientes en todo el mundo.<\/p>\n\t\t\t\t\t\t\t\t<\/div>\n\t\t\t\t<\/div>\n\t\t\t\t<div class=\"elementor-element elementor-element-539792d elementor-widget elementor-widget-image\" data-id=\"539792d\" data-element_type=\"widget\" data-e-type=\"widget\" data-widget_type=\"image.default\">\n\t\t\t\t<div class=\"elementor-widget-container\">\n\t\t\t\t\t\t\t\t\t\t\t\t\t\t\t\t<a href=\"https:\/\/spiroide.com\/wp-content\/uploads\/2024\/03\/equip.jpeg\" data-elementor-open-lightbox=\"yes\" data-elementor-lightbox-title=\"equip\" data-e-action-hash=\"#elementor-action%3Aaction%3Dlightbox%26settings%3DeyJpZCI6NTU3LCJ1cmwiOiJodHRwczpcL1wvc3Bpcm9pZGUuY29tXC93cC1jb250ZW50XC91cGxvYWRzXC8yMDI0XC8wM1wvZXF1aXAuanBlZyJ9\">\n\t\t\t\t\t\t\t<img fetchpriority=\"high\" decoding=\"async\" width=\"1000\" height=\"667\" src=\"https:\/\/spiroide.com\/wp-content\/uploads\/2024\/03\/equip.jpeg\" class=\"attachment-full size-full wp-image-557\" alt=\"\" srcset=\"https:\/\/spiroide.com\/wp-content\/uploads\/2024\/03\/equip.jpeg 1000w, https:\/\/spiroide.com\/wp-content\/uploads\/2024\/03\/equip-300x200.jpeg 300w, https:\/\/spiroide.com\/wp-content\/uploads\/2024\/03\/equip-768x512.jpeg 768w\" sizes=\"(max-width: 1000px) 100vw, 1000px\" \/>\t\t\t\t\t\t\t\t<\/a>\n\t\t\t\t\t\t\t\t\t\t\t\t\t\t\t<\/div>\n\t\t\t\t<\/div>\n\t\t\t\t<div class=\"elementor-element elementor-element-7446ba1 elementor-widget elementor-widget-video\" data-id=\"7446ba1\" data-element_type=\"widget\" data-e-type=\"widget\" data-settings=\"{&quot;youtube_url&quot;:&quot;https:\\\/\\\/www.youtube.com\\\/watch?v=S6hHT8KEhDE&quot;,&quot;video_type&quot;:&quot;youtube&quot;,&quot;controls&quot;:&quot;yes&quot;}\" data-widget_type=\"video.default\">\n\t\t\t\t<div class=\"elementor-widget-container\">\n\t\t\t\t\t\t\t<div class=\"elementor-wrapper elementor-open-inline\">\n\t\t\t<div class=\"elementor-video\"><\/div>\t\t<\/div>\n\t\t\t\t\t\t<\/div>\n\t\t\t\t<\/div>\n\t\t\t\t\t<\/div>\n\t\t\t\t<\/div>\n\t\t\t\t<\/div>\n\t\t","protected":false},"excerpt":{"rendered":"<p>Sobre Nosotros SPIROIDE es un fabricante de engranajes c\u00f3nicos y helicoidales de alta precisi\u00f3n ubicado en Sant Joan de Vilatorrada [&hellip;]<\/p>\n","protected":false},"author":1,"featured_media":0,"parent":0,"menu_order":0,"comment_status":"closed","ping_status":"closed","template":"","meta":{"site-sidebar-layout":"no-sidebar","site-content-layout":"","ast-site-content-layout":"full-width-container","site-content-style":"default","site-sidebar-style":"default","ast-global-header-display":"","ast-banner-title-visibility":"","ast-main-header-display":"","ast-hfb-above-header-display":"","ast-hfb-below-header-display":"","ast-hfb-mobile-header-display":"","site-post-title":"disabled","ast-breadcrumbs-content":"","ast-featured-img":"disabled","footer-sml-layout":"","ast-disable-related-posts":"","theme-transparent-header-meta":"","adv-header-id-meta":"","stick-header-meta":"","header-above-stick-meta":"","header-main-stick-meta":"","header-below-stick-meta":"","astra-migrate-meta-layouts":"default","ast-page-background-enabled":"default","ast-page-background-meta":{"desktop":{"background-color":"var(--ast-global-color-4)","background-image":"","background-repeat":"repeat","background-position":"center center","background-size":"auto","background-attachment":"scroll","background-type":"","background-media":"","overlay-type":"","overlay-color":"","overlay-opacity":"","overlay-gradient":""},"tablet":{"background-color":"","background-image":"","background-repeat":"repeat","background-position":"center center","background-size":"auto","background-attachment":"scroll","background-type":"","background-media":"","overlay-type":"","overlay-color":"","overlay-opacity":"","overlay-gradient":""},"mobile":{"background-color":"","background-image":"","background-repeat":"repeat","background-position":"center center","background-size":"auto","background-attachment":"scroll","background-type":"","background-media":"","overlay-type":"","overlay-color":"","overlay-opacity":"","overlay-gradient":""}},"ast-content-background-meta":{"desktop":{"background-color":"var(--ast-global-color-5)","background-image":"","background-repeat":"repeat","background-position":"center center","background-size":"auto","background-attachment":"scroll","background-type":"","background-media":"","overlay-type":"","overlay-color":"","overlay-opacity":"","overlay-gradient":""},"tablet":{"background-color":"var(--ast-global-color-5)","background-image":"","background-repeat":"repeat","background-position":"center center","background-size":"auto","background-attachment":"scroll","background-type":"","background-media":"","overlay-type":"","overlay-color":"","overlay-opacity":"","overlay-gradient":""},"mobile":{"background-color":"var(--ast-global-color-5)","background-image":"","background-repeat":"repeat","background-position":"center center","background-size":"auto","background-attachment":"scroll","background-type":"","background-media":"","overlay-type":"","overlay-color":"","overlay-opacity":"","overlay-gradient":""}},"footnotes":""},"class_list":["post-774","page","type-page","status-publish","hentry"],"_links":{"self":[{"href":"https:\/\/spiroide.com\/es\/wp-json\/wp\/v2\/pages\/774","targetHints":{"allow":["GET"]}}],"collection":[{"href":"https:\/\/spiroide.com\/es\/wp-json\/wp\/v2\/pages"}],"about":[{"href":"https:\/\/spiroide.com\/es\/wp-json\/wp\/v2\/types\/page"}],"author":[{"embeddable":true,"href":"https:\/\/spiroide.com\/es\/wp-json\/wp\/v2\/users\/1"}],"replies":[{"embeddable":true,"href":"https:\/\/spiroide.com\/es\/wp-json\/wp\/v2\/comments?post=774"}],"version-history":[{"count":3,"href":"https:\/\/spiroide.com\/es\/wp-json\/wp\/v2\/pages\/774\/revisions"}],"predecessor-version":[{"id":872,"href":"https:\/\/spiroide.com\/es\/wp-json\/wp\/v2\/pages\/774\/revisions\/872"}],"wp:attachment":[{"href":"https:\/\/spiroide.com\/es\/wp-json\/wp\/v2\/media?parent=774"}],"curies":[{"name":"wp","href":"https:\/\/api.w.org\/{rel}","templated":true}]}}