{"id":763,"date":"2024-03-13T12:05:40","date_gmt":"2024-03-13T12:05:40","guid":{"rendered":"https:\/\/spiroide.com\/politica-de-privacidad\/"},"modified":"2024-03-15T13:16:04","modified_gmt":"2024-03-15T13:16:04","slug":"politica-de-privacidad","status":"publish","type":"page","link":"https:\/\/spiroide.com\/es\/politica-de-privacidad\/","title":{"rendered":"Pol\u00edtica de privacidad"},"content":{"rendered":"\t\t<div data-elementor-type=\"wp-page\" data-elementor-id=\"763\" class=\"elementor elementor-763 elementor-45\" data-elementor-post-type=\"page\">\n\t\t\t\t<div class=\"elementor-element elementor-element-db0bd89 e-con-full e-flex e-con e-parent\" data-id=\"db0bd89\" data-element_type=\"container\" data-e-type=\"container\">\n\t\t<div class=\"elementor-element elementor-element-1a3ed08 e-con-full e-flex e-con e-child\" data-id=\"1a3ed08\" data-element_type=\"container\" data-e-type=\"container\" data-settings=\"{&quot;background_background&quot;:&quot;classic&quot;}\">\n\t\t\t\t<div class=\"elementor-element elementor-element-92a1bea elementor-widget elementor-widget-heading\" data-id=\"92a1bea\" data-element_type=\"widget\" data-e-type=\"widget\" data-widget_type=\"heading.default\">\n\t\t\t\t<div class=\"elementor-widget-container\">\n\t\t\t\t\t<h2 class=\"elementor-heading-title elementor-size-default\">Pol\u00edtica de privacidad<\/h2>\t\t\t\t<\/div>\n\t\t\t\t<\/div>\n\t\t\t\t<\/div>\n\t\t<div class=\"elementor-element elementor-element-d2d5bcb e-con-full elementor-hidden-mobile e-flex e-con e-child\" data-id=\"d2d5bcb\" data-element_type=\"container\" data-e-type=\"container\">\n\t\t\t\t<\/div>\n\t\t\t\t<\/div>\n\t\t<div class=\"elementor-element elementor-element-e9d8b99 e-flex e-con-boxed e-con e-parent\" data-id=\"e9d8b99\" data-element_type=\"container\" data-e-type=\"container\">\n\t\t\t\t\t<div class=\"e-con-inner\">\n\t\t\t\t<div class=\"elementor-element elementor-element-17d0f18 elementor-widget elementor-widget-text-editor\" data-id=\"17d0f18\" data-element_type=\"widget\" data-e-type=\"widget\" data-widget_type=\"text-editor.default\">\n\t\t\t\t<div class=\"elementor-widget-container\">\n\t\t\t\t\t\t\t\t\t<p><strong>1. INFORMACI\u00d3N PARA EL USUARIO<br \/><\/strong><br \/><strong>\u00bfQui\u00e9n es el responsable del tratamiento de sus datos personales?<\/strong><br \/>ENGRANAJES ESPECIALES SA es el Responsable del Tratamiento de los datos personales del USUARIO y le informa que estos datos ser\u00e1n tratados de conformidad con lo establecido en el Reglamento (UE) 2016\/679, de 27 de abril (GDPR) y la Ley Org\u00e1nica 3\/2018, de 5 de diciembre (LOPDGDD).<\/p>\n<p><strong>\u00bfCon qu\u00e9 fin tratamos sus datos personales y por qu\u00e9 lo hacemos?<\/strong><br \/>Dependiendo del formulario del que hayamos obtenido los datos personales, los trataremos confidencialmente para los siguientes fines:<\/p>\n<p>En el formulario Contacto<br \/>Responder a las consultas o a cualquier tipo de solicitud realizada por el usuario a trav\u00e9s de cualquiera de los medios de contacto disponibles en<br \/>el sitio web del responsable del tratamiento. (por inter\u00e9s leg\u00edtimo del responsable, art. 6.1.f GDPR)<br \/>Realizar an\u00e1lisis estad\u00edsticos y estudios de mercado. (por inter\u00e9s leg\u00edtimo del responsable, art. 6.1.f GDPR)<\/p>\n<p><strong>\u00bfDurante cu\u00e1nto tiempo conservaremos sus datos personales?<\/strong><br \/>Los datos se conservar\u00e1n durante un plazo no superior al necesario para mantener la finalidad del tratamiento o mientras existan prescripciones legales que impongan su custodia, y cuando dicha finalidad deje de ser necesaria los datos se suprimir\u00e1n con las medidas de seguridad adecuadas para garantizar la anonimizaci\u00f3n de los datos o su destrucci\u00f3n total.<\/p>\n<p><strong>\u00bfA qui\u00e9n revelamos sus datos personales?<\/strong><br \/>No est\u00e1 prevista la comunicaci\u00f3n de datos personales a terceros salvo, en caso de ser necesario para el desarrollo y ejecuci\u00f3n de las finalidades del tratamiento, a nuestros proveedores de servicios relacionados con las comunicaciones, con los que el RESPONSABLE haya suscrito los contratos de confidencialidad y encargado del tratamiento exigidos por la normativa vigente en materia de privacidad.<\/p>\n<p><strong>\u00bfCu\u00e1les son sus derechos?<br \/><\/strong><br \/>Los derechos del USUARIO son:<\/p>\n<p>Derecho a retirar el consentimiento en cualquier momento.<br \/>Derecho de acceso, rectificaci\u00f3n, portabilidad y supresi\u00f3n de sus datos, as\u00ed como la limitaci\u00f3n u oposici\u00f3n a su tratamiento.<br \/>Derecho a presentar una reclamaci\u00f3n ante la Autoridad de Control espa\u00f1ola (www.aepd.es) si considera que el tratamiento no<br \/>cumplir la legislaci\u00f3n vigente.<\/p>\n<p><strong>Informaci\u00f3n de contacto para ejercer los derechos:<\/strong><br \/>ENGRANAJES ESPECIALES SA. P. IND. PLA DELS VINYATS, 3 &#8211; 08250 SANT JOAN DE VILATORRADA (Barcelona). E-mail:<br \/>elisabet.vall@spiroide.com; pilar.martin@spiroide.com<\/p>\n<p><strong>2. CAR\u00c1CTER OBLIGATORIO O FACULTATIVO DE LA INFORMACI\u00d3N FACILITADA POR EL USUARIO<\/strong><br \/>Los USUARIOS, mediante la marcaci\u00f3n de las casillas correspondientes y la introducci\u00f3n de datos en los campos, marcados con un asterisco (*) en el formulario de contacto o formularios de descarga, aceptan expresamente y de forma libre e inequ\u00edvoca que sus datos son necesarios para que el proveedor pueda atender su solicitud, facilitando voluntariamente sus datos en los campos restantes. El USUARIO garantiza que los datos personales facilitados al RESPONSABLE son veraces y se hace responsable de comunicar al mismo cualquier modificaci\u00f3n de los mismos.<br \/>El RESPONSABLE informa que todos los datos solicitados a trav\u00e9s del sitio web son obligatorios, ya que son necesarios para la prestaci\u00f3n de un servicio \u00f3ptimo al USUARIO. En caso de que no sean facilitados todos los datos, no se garantiza que la informaci\u00f3n y servicios facilitados sean completamente ajustados a las necesidades del Usuario.<\/p>\n<p><strong>3. MEDIDAS DE SEGURIDAD<\/strong><br \/>Que de conformidad con lo dispuesto en la normativa vigente en materia de protecci\u00f3n de datos de car\u00e1cter personal, el RESPONSABLE est\u00e1 cumpliendo con todo lo dispuesto en el GDPR y en la normativa LOPDGDD para el tratamiento de los datos personales de los que es responsable, y est\u00e1 cumpliendo manifiestamente con los principios descritos en el art\u00edculo 5 del GDPR, por los que son tratados de manera l\u00edcita, leal y transparente en relaci\u00f3n con el interesado y adecuados, pertinentes y limitados a lo necesario en relaci\u00f3n con los fines para los que son tratados.<br \/>El RESPONSABLE garantiza que se han implementado todas las pol\u00edticas t\u00e9cnicas y organizativas apropiadas para aplicar las medidas de seguridad establecidas por el GDPR y la LOPDGDD con el fin de proteger los derechos y libertades de los USUARIOS, y les ha comunicado la informaci\u00f3n adecuada para que puedan ejercer sus derechos y libertades.<br \/>Para obtener m\u00e1s informaci\u00f3n sobre las garant\u00edas de privacidad, puede ponerse en contacto con el RESPONSABLE DE LOS DATOS a trav\u00e9s de ENGRANAJES ESPECIALES SA. P. IND.<br \/>PLA DELS VINYATS, 3 &#8211; 08250 SANT JOAN DE VILATORRADA (Barcelona). E-mail: elisabet.vall@spiroide.com;<br \/>pilar.martin@spiroide.com<\/p>\n\t\t\t\t\t\t\t\t<\/div>\n\t\t\t\t<\/div>\n\t\t\t\t\t<\/div>\n\t\t\t\t<\/div>\n\t\t\t\t<\/div>\n\t\t","protected":false},"excerpt":{"rendered":"<p>Pol\u00edtica de privacidad 1. INFORMACI\u00d3N PARA EL USUARIO\u00bfQui\u00e9n es el responsable del tratamiento de sus datos personales?ENGRANAJES ESPECIALES SA es [&hellip;]<\/p>\n","protected":false},"author":1,"featured_media":0,"parent":0,"menu_order":0,"comment_status":"closed","ping_status":"closed","template":"","meta":{"site-sidebar-layout":"no-sidebar","site-content-layout":"","ast-site-content-layout":"full-width-container","site-content-style":"default","site-sidebar-style":"default","ast-global-header-display":"","ast-banner-title-visibility":"","ast-main-header-display":"","ast-hfb-above-header-display":"","ast-hfb-below-header-display":"","ast-hfb-mobile-header-display":"","site-post-title":"disabled","ast-breadcrumbs-content":"","ast-featured-img":"disabled","footer-sml-layout":"","ast-disable-related-posts":"","theme-transparent-header-meta":"","adv-header-id-meta":"","stick-header-meta":"","header-above-stick-meta":"","header-main-stick-meta":"","header-below-stick-meta":"","astra-migrate-meta-layouts":"default","ast-page-background-enabled":"default","ast-page-background-meta":{"desktop":{"background-color":"var(--ast-global-color-4)","background-image":"","background-repeat":"repeat","background-position":"center center","background-size":"auto","background-attachment":"scroll","background-type":"","background-media":"","overlay-type":"","overlay-color":"","overlay-opacity":"","overlay-gradient":""},"tablet":{"background-color":"","background-image":"","background-repeat":"repeat","background-position":"center center","background-size":"auto","background-attachment":"scroll","background-type":"","background-media":"","overlay-type":"","overlay-color":"","overlay-opacity":"","overlay-gradient":""},"mobile":{"background-color":"","background-image":"","background-repeat":"repeat","background-position":"center center","background-size":"auto","background-attachment":"scroll","background-type":"","background-media":"","overlay-type":"","overlay-color":"","overlay-opacity":"","overlay-gradient":""}},"ast-content-background-meta":{"desktop":{"background-color":"var(--ast-global-color-5)","background-image":"","background-repeat":"repeat","background-position":"center center","background-size":"auto","background-attachment":"scroll","background-type":"","background-media":"","overlay-type":"","overlay-color":"","overlay-opacity":"","overlay-gradient":""},"tablet":{"background-color":"var(--ast-global-color-5)","background-image":"","background-repeat":"repeat","background-position":"center center","background-size":"auto","background-attachment":"scroll","background-type":"","background-media":"","overlay-type":"","overlay-color":"","overlay-opacity":"","overlay-gradient":""},"mobile":{"background-color":"var(--ast-global-color-5)","background-image":"","background-repeat":"repeat","background-position":"center center","background-size":"auto","background-attachment":"scroll","background-type":"","background-media":"","overlay-type":"","overlay-color":"","overlay-opacity":"","overlay-gradient":""}},"footnotes":""},"class_list":["post-763","page","type-page","status-publish","hentry"],"_links":{"self":[{"href":"https:\/\/spiroide.com\/es\/wp-json\/wp\/v2\/pages\/763","targetHints":{"allow":["GET"]}}],"collection":[{"href":"https:\/\/spiroide.com\/es\/wp-json\/wp\/v2\/pages"}],"about":[{"href":"https:\/\/spiroide.com\/es\/wp-json\/wp\/v2\/types\/page"}],"author":[{"embeddable":true,"href":"https:\/\/spiroide.com\/es\/wp-json\/wp\/v2\/users\/1"}],"replies":[{"embeddable":true,"href":"https:\/\/spiroide.com\/es\/wp-json\/wp\/v2\/comments?post=763"}],"version-history":[{"count":1,"href":"https:\/\/spiroide.com\/es\/wp-json\/wp\/v2\/pages\/763\/revisions"}],"predecessor-version":[{"id":764,"href":"https:\/\/spiroide.com\/es\/wp-json\/wp\/v2\/pages\/763\/revisions\/764"}],"wp:attachment":[{"href":"https:\/\/spiroide.com\/es\/wp-json\/wp\/v2\/media?parent=763"}],"curies":[{"name":"wp","href":"https:\/\/api.w.org\/{rel}","templated":true}]}}