{"id":737,"date":"2024-03-13T12:06:14","date_gmt":"2024-03-13T12:06:14","guid":{"rendered":"https:\/\/spiroide.com\/accesibilidad\/"},"modified":"2024-03-15T13:10:47","modified_gmt":"2024-03-15T13:10:47","slug":"accesibilidad","status":"publish","type":"page","link":"https:\/\/spiroide.com\/es\/accesibilidad\/","title":{"rendered":"Accesibilidad"},"content":{"rendered":"\t\t<div data-elementor-type=\"wp-page\" data-elementor-id=\"737\" class=\"elementor elementor-737 elementor-49\" data-elementor-post-type=\"page\">\n\t\t\t\t<div class=\"elementor-element elementor-element-d48d4d5 e-con-full e-flex e-con e-parent\" data-id=\"d48d4d5\" data-element_type=\"container\" data-e-type=\"container\">\n\t\t<div class=\"elementor-element elementor-element-573da1e e-con-full e-flex e-con e-child\" data-id=\"573da1e\" data-element_type=\"container\" data-e-type=\"container\" data-settings=\"{&quot;background_background&quot;:&quot;classic&quot;}\">\n\t\t\t\t<div class=\"elementor-element elementor-element-427c1d8 elementor-widget-tablet__width-initial elementor-widget elementor-widget-heading\" data-id=\"427c1d8\" data-element_type=\"widget\" data-e-type=\"widget\" data-widget_type=\"heading.default\">\n\t\t\t\t<div class=\"elementor-widget-container\">\n\t\t\t\t\t<h2 class=\"elementor-heading-title elementor-size-default\">Accesibilidad<\/h2>\t\t\t\t<\/div>\n\t\t\t\t<\/div>\n\t\t\t\t<\/div>\n\t\t<div class=\"elementor-element elementor-element-8f70b13 e-con-full elementor-hidden-mobile e-flex e-con e-child\" data-id=\"8f70b13\" data-element_type=\"container\" data-e-type=\"container\">\n\t\t\t\t<\/div>\n\t\t\t\t<\/div>\n\t\t<div class=\"elementor-element elementor-element-ffe60f9 e-flex e-con-boxed e-con e-parent\" data-id=\"ffe60f9\" data-element_type=\"container\" data-e-type=\"container\">\n\t\t\t\t\t<div class=\"e-con-inner\">\n\t\t\t\t<div class=\"elementor-element elementor-element-875bd8d elementor-widget elementor-widget-text-editor\" data-id=\"875bd8d\" data-element_type=\"widget\" data-e-type=\"widget\" data-widget_type=\"text-editor.default\">\n\t\t\t\t<div class=\"elementor-widget-container\">\n\t\t\t\t\t\t\t\t\t<p><strong>ESTA DECLARACI\u00d3N DE ACCESIBILIDAD SE APLICA AL SITIO WEB spiroide.com.<\/strong><\/p>\n<p><strong>ESTADO DE CUMPLIMIENTO.<\/strong><\/p>\n<p>Este sitio web cumple parcialmente con el RD 1112\/2018 debido a las excepciones e incumplimientos de los aspectos indicados en el siguiente punto.<\/p>\n<p><strong> CONTENIDOS NO ACCESIBLES<\/strong><\/p>\n<p>El contenido que figura a continuaci\u00f3n no es accesible debido a lo siguiente:<\/p>\n<p>Falta de conformidad con el RD 1112\/2018.<br \/>Podr\u00eda haber algunos aspectos de contraste que no cumplan el m\u00ednimo exigido, 3:1, con respecto a los colores adyacentes del fondo de<br \/>la secci\u00f3n del sitio web en cuesti\u00f3n. [9 .1.4.11 Non-textual contrast]<br \/>Podr\u00eda haber algunos elementos no textuales no etiquetados correctamente [2 .5.3 Label in name]y [4.1.2 Nombre de la funci\u00f3n<br \/>y valor]<br \/>Los motores de b\u00fasqueda buscan autom\u00e1ticamente sin necesidad de ordenar ninguna acci\u00f3n al usuario [3 .2.2 When receiving entries].<br \/>Podr\u00eda haber algunos textos en otro idioma no etiquetados correctamente [3 .1.2 Language of parts].<br \/>Puede haber errores puntuales de edici\u00f3n de c\u00f3digo en alguna p\u00e1gina web. [4 .1.1 Processing]<br \/>Carga desproporcionada &#8211; No procede.<br \/>El contenido no entra en el \u00e1mbito de aplicaci\u00f3n de la legislaci\u00f3n vigente.<\/p>\n<p><strong>ELABORACI\u00d3N DE LA SIGUIENTE DECLARACI\u00d3N DE ACCESIBILIDAD<\/strong><br \/>Esta declaraci\u00f3n se prepar\u00f3 el 20 de febrero de 2023.<\/p>\n<p>El m\u00e9todo utilizado para elaborar la declaraci\u00f3n ha sido una evaluaci\u00f3n manual realizada por AVANCEM AMB VOST\u00c8 S.L. (AVANNUBO).<\/p>\n<p>La Declaraci\u00f3n de Accesibilidad ha sido revisada y actualizada en febrero de 2023.<\/p>\n<p><strong>COMENTARIOS Y DATOS DE CONTACTO<\/strong><br \/>Puede realizar comunicaciones sobre requisitos de accesibilidad (art\u00edculo 10.2.a del RD 1112\/2018) como, por ejemplo:<\/p>\n<p>Informar de cualquier posible incumplimiento por parte de este sitio web.<br \/>Transmitir otras dificultades de acceso al contenido.<br \/>Formular cualquier otra consulta o sugerencia de mejora relativa a la accesibilidad del sitio web.<br \/>Ask any other questions or suggestions for improvement regarding the accessibility of the website.<\/p>\n<p>Puedes presentarte:<\/p>\n<p>Reclamaci\u00f3n relativa al cumplimiento de los requisitos del RD.<br \/>1112\/2018 o<br \/>Solicitud de informaci\u00f3n accesible relativa a:<br \/>Contenidos que quedan excluidos del \u00e1mbito de aplicaci\u00f3n del RD 1112\/2018 seg\u00fan lo establecido en el art\u00edculo 3, apartado 4.<br \/>Contenidos que est\u00e1n exentos del cumplimiento de los requisitos de accesibilidad porque imponen una carga desproporcionada.<\/p>\n<p>En la Solicitud de informaci\u00f3n accesible deben especificarse, con toda claridad, los hechos, motivos y petici\u00f3n que permitan constatar que se trata de<br \/>solicitud razonable y leg\u00edtima.<\/p>\n<p>Las quejas y reclamaciones sobre informaci\u00f3n accesible se realizar\u00e1n a trav\u00e9s de la administraci\u00f3n, y ser\u00e1n recibidas y tramitadas por Penta Diesel.<\/p>\n<p><strong>PROCEDIMIENTO DE SOLICITUD<\/strong><br \/>Si, una vez presentada una solicitud de informaci\u00f3n accesible o una reclamaci\u00f3n, \u00e9sta ha sido rechazada, o si existe desacuerdo con la decisi\u00f3n adoptada, o si el<br \/>decisi\u00f3n adoptada, o la respuesta no cumple los requisitos mencionados en el art\u00edculo 12.5, la parte interesada puede iniciar una reclamaci\u00f3n.<br \/>Tambi\u00e9n podr\u00e1 iniciarse una reclamaci\u00f3n en caso de que haya transcurrido el plazo de veinte d\u00edas h\u00e1biles sin que se haya recibido respuesta.<\/p>\n<p>La reclamaci\u00f3n podr\u00e1 presentarse a trav\u00e9s de la Instancia Gen\u00e9rica de la Sede Electr\u00f3nica del Ministerio de Econom\u00eda y<br \/>Transformaci\u00f3n Digital, as\u00ed como en el resto de opciones recogidas en la Ley 39\/ 2015, de 1 de octubre, del Procedimiento Administrativo Com\u00fan de las Administraciones P\u00fablicas. Las denuncias ser\u00e1n recibidas y tramitadas por la Subdirecci\u00f3n General de Inspecci\u00f3n de Servicios del Ministerio.<\/p>\n<p><strong>CONTENIDO OPCIONAL<\/strong><br \/>Este portal est\u00e1 dise\u00f1ado para poder cambiar el tama\u00f1o y color del texto, as\u00ed como el fondo de la p\u00e1gina a trav\u00e9s de las opciones de<br \/>configuraci\u00f3n est\u00e1ndar del navegador.<\/p>\n<p>Si desea cambiar el tama\u00f1o de la fuente del texto en los principales navegadores gr\u00e1ficos, utilice los siguientes men\u00fas:<\/p>\n<p>Internet Explorer, Mozilla y Firefox: Ver &gt;Tama\u00f1o del texto<br \/>tama\u00f1o del texto<br \/>Opera: Ver &gt;Zoom<br \/>Safari: Ver &gt; Ampliar el texto<br \/>Chrome: Control de la p\u00e1gina actual &gt;Tama\u00f1o del texto<\/p>\n<p>Para cambiar el tama\u00f1o de todo en la p\u00e1gina:<\/p>\n<p>Ctrl + + para aumentarlo<br \/>Ctrl + &#8211; para disminuirlo<br \/>Ctrl + 0 restablece el tama\u00f1o original del texto.<\/p>\n<p>Si desea anular la hoja de estilos o cambiar el color del texto, puede consultar la p\u00e1gina de la WAI C\u00f3mo cambiar el tama\u00f1o o los colores del texto, que puede leerse en espa\u00f1ol en \u00bfC\u00f3mo cambiar el tama\u00f1o del texto o los colores?<\/p>\n\t\t\t\t\t\t\t\t<\/div>\n\t\t\t\t<\/div>\n\t\t\t\t\t<\/div>\n\t\t\t\t<\/div>\n\t\t\t\t<\/div>\n\t\t","protected":false},"excerpt":{"rendered":"<p>Accesibilidad ESTA DECLARACI\u00d3N DE ACCESIBILIDAD SE APLICA AL SITIO WEB spiroide.com. ESTADO DE CUMPLIMIENTO. Este sitio web cumple parcialmente con [&hellip;]<\/p>\n","protected":false},"author":1,"featured_media":0,"parent":0,"menu_order":0,"comment_status":"closed","ping_status":"closed","template":"","meta":{"site-sidebar-layout":"no-sidebar","site-content-layout":"","ast-site-content-layout":"full-width-container","site-content-style":"default","site-sidebar-style":"default","ast-global-header-display":"","ast-banner-title-visibility":"","ast-main-header-display":"","ast-hfb-above-header-display":"","ast-hfb-below-header-display":"","ast-hfb-mobile-header-display":"","site-post-title":"disabled","ast-breadcrumbs-content":"","ast-featured-img":"disabled","footer-sml-layout":"","ast-disable-related-posts":"","theme-transparent-header-meta":"","adv-header-id-meta":"","stick-header-meta":"","header-above-stick-meta":"","header-main-stick-meta":"","header-below-stick-meta":"","astra-migrate-meta-layouts":"default","ast-page-background-enabled":"default","ast-page-background-meta":{"desktop":{"background-color":"var(--ast-global-color-4)","background-image":"","background-repeat":"repeat","background-position":"center center","background-size":"auto","background-attachment":"scroll","background-type":"","background-media":"","overlay-type":"","overlay-color":"","overlay-opacity":"","overlay-gradient":""},"tablet":{"background-color":"","background-image":"","background-repeat":"repeat","background-position":"center center","background-size":"auto","background-attachment":"scroll","background-type":"","background-media":"","overlay-type":"","overlay-color":"","overlay-opacity":"","overlay-gradient":""},"mobile":{"background-color":"","background-image":"","background-repeat":"repeat","background-position":"center center","background-size":"auto","background-attachment":"scroll","background-type":"","background-media":"","overlay-type":"","overlay-color":"","overlay-opacity":"","overlay-gradient":""}},"ast-content-background-meta":{"desktop":{"background-color":"var(--ast-global-color-5)","background-image":"","background-repeat":"repeat","background-position":"center center","background-size":"auto","background-attachment":"scroll","background-type":"","background-media":"","overlay-type":"","overlay-color":"","overlay-opacity":"","overlay-gradient":""},"tablet":{"background-color":"var(--ast-global-color-5)","background-image":"","background-repeat":"repeat","background-position":"center center","background-size":"auto","background-attachment":"scroll","background-type":"","background-media":"","overlay-type":"","overlay-color":"","overlay-opacity":"","overlay-gradient":""},"mobile":{"background-color":"var(--ast-global-color-5)","background-image":"","background-repeat":"repeat","background-position":"center center","background-size":"auto","background-attachment":"scroll","background-type":"","background-media":"","overlay-type":"","overlay-color":"","overlay-opacity":"","overlay-gradient":""}},"footnotes":""},"class_list":["post-737","page","type-page","status-publish","hentry"],"_links":{"self":[{"href":"https:\/\/spiroide.com\/es\/wp-json\/wp\/v2\/pages\/737","targetHints":{"allow":["GET"]}}],"collection":[{"href":"https:\/\/spiroide.com\/es\/wp-json\/wp\/v2\/pages"}],"about":[{"href":"https:\/\/spiroide.com\/es\/wp-json\/wp\/v2\/types\/page"}],"author":[{"embeddable":true,"href":"https:\/\/spiroide.com\/es\/wp-json\/wp\/v2\/users\/1"}],"replies":[{"embeddable":true,"href":"https:\/\/spiroide.com\/es\/wp-json\/wp\/v2\/comments?post=737"}],"version-history":[{"count":1,"href":"https:\/\/spiroide.com\/es\/wp-json\/wp\/v2\/pages\/737\/revisions"}],"predecessor-version":[{"id":738,"href":"https:\/\/spiroide.com\/es\/wp-json\/wp\/v2\/pages\/737\/revisions\/738"}],"wp:attachment":[{"href":"https:\/\/spiroide.com\/es\/wp-json\/wp\/v2\/media?parent=737"}],"curies":[{"name":"wp","href":"https:\/\/api.w.org\/{rel}","templated":true}]}}