{"id":714,"date":"2024-03-13T12:05:22","date_gmt":"2024-03-13T12:05:22","guid":{"rendered":"https:\/\/spiroide.com\/politica-de-cookies\/"},"modified":"2024-03-15T12:58:25","modified_gmt":"2024-03-15T12:58:25","slug":"politica-de-cookies","status":"publish","type":"page","link":"https:\/\/spiroide.com\/es\/politica-de-cookies\/","title":{"rendered":"Pol\u00edtica de cookies"},"content":{"rendered":"\t\t<div data-elementor-type=\"wp-page\" data-elementor-id=\"714\" class=\"elementor elementor-714 elementor-43\" data-elementor-post-type=\"page\">\n\t\t\t\t<div class=\"elementor-element elementor-element-0f0517a e-con-full e-flex e-con e-parent\" data-id=\"0f0517a\" data-element_type=\"container\" data-e-type=\"container\">\n\t\t<div class=\"elementor-element elementor-element-f47fb18 e-con-full e-flex e-con e-child\" data-id=\"f47fb18\" data-element_type=\"container\" data-e-type=\"container\" data-settings=\"{&quot;background_background&quot;:&quot;classic&quot;}\">\n\t\t\t\t<div class=\"elementor-element elementor-element-de73444 elementor-widget elementor-widget-heading\" data-id=\"de73444\" data-element_type=\"widget\" data-e-type=\"widget\" data-widget_type=\"heading.default\">\n\t\t\t\t<div class=\"elementor-widget-container\">\n\t\t\t\t\t<h2 class=\"elementor-heading-title elementor-size-default\">Pol\u00edtica de cookies<\/h2>\t\t\t\t<\/div>\n\t\t\t\t<\/div>\n\t\t\t\t<\/div>\n\t\t<div class=\"elementor-element elementor-element-1094367 e-con-full elementor-hidden-mobile e-flex e-con e-child\" data-id=\"1094367\" data-element_type=\"container\" data-e-type=\"container\">\n\t\t\t\t<\/div>\n\t\t\t\t<\/div>\n\t\t<div class=\"elementor-element elementor-element-e5d9201 e-flex e-con-boxed e-con e-parent\" data-id=\"e5d9201\" data-element_type=\"container\" data-e-type=\"container\">\n\t\t\t\t\t<div class=\"e-con-inner\">\n\t\t\t\t<div class=\"elementor-element elementor-element-ca6f506 elementor-widget elementor-widget-text-editor\" data-id=\"ca6f506\" data-element_type=\"widget\" data-e-type=\"widget\" data-widget_type=\"text-editor.default\">\n\t\t\t\t<div class=\"elementor-widget-container\">\n\t\t\t\t\t\t\t\t\t<p><strong>INFORMACI\u00d3N SOBRE COOKIES<\/strong><\/p>\n<p>De conformidad con la Ley 34\/2002, de 11 de julio, de servicios de la sociedad de la informaci\u00f3n y de comercio electr\u00f3nico (LSSI), en relaci\u00f3n con el Reglamento (UE) 2016\/679 del Parlamento Europeo y del Consejo, de 27 de abril de 2016, General de Protecci\u00f3n de Datos (GDPR) y la Ley Org\u00e1nica 3\/2018, de 5 de diciembre, de Protecci\u00f3n de Datos y Garant\u00eda de los Derechos Digitales (LOPDGDD), es obligatorio obtener el consentimiento expreso del usuario de todas las p\u00e1ginas web que utilicen cookies prescindibles,<br \/>antes de navegar por ellos.<\/p>\n<p><strong>\u00bfQU\u00c9 SON LAS COOKIES?<\/strong><\/p>\n<p>Las cookies y otras tecnolog\u00edas similares, como los objetos locales compartidos, las flash cookies o los p\u00edxeles, son herramientas utilizadas por los servidores web para almacenar y recuperar informaci\u00f3n sobre sus visitantes, as\u00ed como para permitir el correcto funcionamiento del sitio.<br \/>Mediante el uso de estos dispositivos, el servidor Web es capaz de recordar algunos datos relativos al usuario, como sus preferencias para ver las p\u00e1ginas del servidor, su nombre y contrase\u00f1a, los productos que m\u00e1s le interesan, etc.<\/p>\n<p><strong>COOKIES AFECTADAS POR LA NORMATIVA Y COOKIES EXENTAS DE ELLA<\/strong><\/p>\n<p>Seg\u00fan la directiva de la UE, las cookies que requieren el consentimiento informado del usuario son las de an\u00e1lisis, publicidad y afiliaci\u00f3n, mientras que quedan exentas las cookies t\u00e9cnicas y las necesarias para el funcionamiento del sitio web o la prestaci\u00f3n de servicios expresamente solicitados por el usuario.<\/p>\n<p><strong>TIPOS DE COOKIES<\/strong><\/p>\n<p><strong>EN FUNCI\u00d3N DE LA FINALIDAD<\/strong><br \/><strong>Cookies t\u00e9cnicas y funcionales<\/strong>: permiten al usuario la navegaci\u00f3n a trav\u00e9s de una p\u00e1gina web, plataforma o aplicaci\u00f3n y la utilizaci\u00f3n de las diferentes opciones o servicios que en ella existan.<br \/><strong>Cookies de an\u00e1lisis<\/strong>: permiten al responsable del tratamiento controlar y analizar el comportamiento de los usuarios de los sitios web a los que est\u00e1n vinculadas. La informaci\u00f3n recogida mediante este tipo de cookies se utiliza en la medici\u00f3n de la actividad de los sitios web, aplicaci\u00f3n o plataforma y para la elaboraci\u00f3n de perfiles de navegaci\u00f3n de los usuarios de dichos sitios, aplicaciones y plataformas, con el fin de introducir mejoras en el an\u00e1lisis de los datos de uso que hacen los usuarios del servicio.<br \/><strong>Cookies publicitarias<\/strong>: Son aqu\u00e9llas que permiten la gesti\u00f3n, de la forma m\u00e1s eficaz posible, de los espacios publicitarios que, en su caso, el editor haya incluido en una p\u00e1gina web, aplicaci\u00f3n o plataforma desde la que presta el servicio solicitado en base a datos como el contenido editado o la frecuencia en la que se muestran los anuncios.<br \/>Cookies de publicidad comportamental: recogen informaci\u00f3n sobre las preferencias y elecciones personales del usuario (retargeting) para permitir la gesti\u00f3n, de la forma m\u00e1s eficaz posible, de los espacios publicitarios que, en su caso, el editor haya incluido en una p\u00e1gina web, aplicaci\u00f3n o plataforma desde la que presta el servicio solicitado.<br \/><strong>Cookies sociales<\/strong>: establecidas por las plataformas de redes sociales en los servicios para permitir compartir contenidos con amigos y redes. Las plataformas de medios sociales tienen la capacidad de rastrear la actividad en l\u00ednea fuera de los Servicios.<br \/>Esto puede afectar al contenido y a los mensajes que se ven en otros servicios utilizados.<br \/><strong>Cookies de afiliaci\u00f3n<\/strong>: permiten realizar un seguimiento de las visitas a trav\u00e9s de enlaces desde otros sitios web, con los que el sitio web establece acuerdos de afiliaci\u00f3n (empresas afiliadas).<br \/><strong>Cookies de seguridad<\/strong>: almacenan informaci\u00f3n cifrada para evitar que los datos almacenados en ellas sean vulnerables a ataques malintencionados de terceros.<\/p>\n<p><strong>SEG\u00daN LA PROPIEDAD<\/strong><br \/><strong>Cookies propias<\/strong>: se env\u00edan al equipo terminal del usuario desde un equipo o equipo gestionado por el propio editor y desde el que se presta el servicio solicitado por el usuario.<br \/><strong>Cookies de terceros<\/strong>: son aqu\u00e9llas que se env\u00edan al equipo terminal del usuario desde un equipo o poder que no es gestionado por el editor, sino por otra entidad que trata los datos obtenidos trav\u00e9s de las cookies.<\/p>\n<p><strong>EN FUNCI\u00d3N DEL PERIODO DE ALMACENAMIENTO<\/strong><br \/><strong>Cookies de sesi\u00f3n<\/strong>: son un tipo de cookies dise\u00f1adas para recoger y almacenar datos mientras el usuario accede a un sitio web.<br \/><strong>Cookies permanentes<\/strong>: son un tipo de cookies en el que los datos siguen almacenados en el terminal y pueden ser accedidos y tratados durante un periodo definido por el responsable de la cookie, y que puede ir de unos minutos a varios a\u00f1os.<\/p>\n<p><strong>TRATAMIENTO DE DATOS PERSONALES<\/strong><\/p>\n<p>ENGRANAJES ESPECIALES SA es el Responsable del tratamiento de los datos personales del Interesado y le informa que estos datos ser\u00e1n tratados de conformidad con lo establecido en el Reglamento (UE) 2016\/679, de 27 de abril de 2016 (GDPR), por lo que se facilita la siguiente informaci\u00f3n sobre el tratamiento:<br \/>Finalidades del tratamiento de los datos: las especificadas en la secci\u00f3n de cookies que se utilizan en este sitio web.<br \/>Legitimaci\u00f3n del tratamiento: salvo en los casos en que sea necesario para la navegaci\u00f3n web, por consentimiento del interesado (art. 6.1 GDPR).<br \/>Criterios de almacenamiento de datos: seg\u00fan lo especificado en la secci\u00f3n de cookies utilizadas en el sitio web.<br \/>Comunicaci\u00f3n de datos: los datos no se comunicar\u00e1n a terceros, salvo en el caso de cookies propiedad de terceros o por obligaci\u00f3n legal.<br \/>Derechos del interesado:<br \/>&#8211; Derecho a retirar el consentimiento en cualquier momento.<br \/>&#8211; Derecho de acceso, rectificaci\u00f3n, portabilidad y supresi\u00f3n de datos, as\u00ed como la limitaci\u00f3n u oposici\u00f3n a su tratamiento.<br \/>Derecho a presentar una reclamaci\u00f3n ante la Autoridad de Control espa\u00f1ola (www.aepd.es) si considera que el tratamiento no se ajusta a la legislaci\u00f3n vigente.<br \/>Informaci\u00f3n de contacto para ejercer sus derechos:<br \/>SPECIAL GEARS SA. P. IND. PLA DELS VINYATS, 3 &#8211; 08250 SANT JOAN DE VILATORRADA (Barcelona). E-mail:<br \/>elisabet.vall@spiroide.com; pilar.martin@spiroide.com<\/p>\n\t\t\t\t\t\t\t\t<\/div>\n\t\t\t\t<\/div>\n\t\t\t\t\t<\/div>\n\t\t\t\t<\/div>\n\t\t\t\t<\/div>\n\t\t","protected":false},"excerpt":{"rendered":"<p>Pol\u00edtica de cookies INFORMACI\u00d3N SOBRE COOKIES De conformidad con la Ley 34\/2002, de 11 de julio, de servicios de la [&hellip;]<\/p>\n","protected":false},"author":1,"featured_media":0,"parent":0,"menu_order":0,"comment_status":"closed","ping_status":"closed","template":"","meta":{"site-sidebar-layout":"no-sidebar","site-content-layout":"","ast-site-content-layout":"full-width-container","site-content-style":"default","site-sidebar-style":"default","ast-global-header-display":"","ast-banner-title-visibility":"","ast-main-header-display":"","ast-hfb-above-header-display":"","ast-hfb-below-header-display":"","ast-hfb-mobile-header-display":"","site-post-title":"disabled","ast-breadcrumbs-content":"","ast-featured-img":"disabled","footer-sml-layout":"","ast-disable-related-posts":"","theme-transparent-header-meta":"","adv-header-id-meta":"","stick-header-meta":"","header-above-stick-meta":"","header-main-stick-meta":"","header-below-stick-meta":"","astra-migrate-meta-layouts":"default","ast-page-background-enabled":"default","ast-page-background-meta":{"desktop":{"background-color":"var(--ast-global-color-4)","background-image":"","background-repeat":"repeat","background-position":"center center","background-size":"auto","background-attachment":"scroll","background-type":"","background-media":"","overlay-type":"","overlay-color":"","overlay-opacity":"","overlay-gradient":""},"tablet":{"background-color":"","background-image":"","background-repeat":"repeat","background-position":"center center","background-size":"auto","background-attachment":"scroll","background-type":"","background-media":"","overlay-type":"","overlay-color":"","overlay-opacity":"","overlay-gradient":""},"mobile":{"background-color":"","background-image":"","background-repeat":"repeat","background-position":"center center","background-size":"auto","background-attachment":"scroll","background-type":"","background-media":"","overlay-type":"","overlay-color":"","overlay-opacity":"","overlay-gradient":""}},"ast-content-background-meta":{"desktop":{"background-color":"var(--ast-global-color-5)","background-image":"","background-repeat":"repeat","background-position":"center center","background-size":"auto","background-attachment":"scroll","background-type":"","background-media":"","overlay-type":"","overlay-color":"","overlay-opacity":"","overlay-gradient":""},"tablet":{"background-color":"var(--ast-global-color-5)","background-image":"","background-repeat":"repeat","background-position":"center center","background-size":"auto","background-attachment":"scroll","background-type":"","background-media":"","overlay-type":"","overlay-color":"","overlay-opacity":"","overlay-gradient":""},"mobile":{"background-color":"var(--ast-global-color-5)","background-image":"","background-repeat":"repeat","background-position":"center center","background-size":"auto","background-attachment":"scroll","background-type":"","background-media":"","overlay-type":"","overlay-color":"","overlay-opacity":"","overlay-gradient":""}},"footnotes":""},"class_list":["post-714","page","type-page","status-publish","hentry"],"_links":{"self":[{"href":"https:\/\/spiroide.com\/es\/wp-json\/wp\/v2\/pages\/714","targetHints":{"allow":["GET"]}}],"collection":[{"href":"https:\/\/spiroide.com\/es\/wp-json\/wp\/v2\/pages"}],"about":[{"href":"https:\/\/spiroide.com\/es\/wp-json\/wp\/v2\/types\/page"}],"author":[{"embeddable":true,"href":"https:\/\/spiroide.com\/es\/wp-json\/wp\/v2\/users\/1"}],"replies":[{"embeddable":true,"href":"https:\/\/spiroide.com\/es\/wp-json\/wp\/v2\/comments?post=714"}],"version-history":[{"count":1,"href":"https:\/\/spiroide.com\/es\/wp-json\/wp\/v2\/pages\/714\/revisions"}],"predecessor-version":[{"id":715,"href":"https:\/\/spiroide.com\/es\/wp-json\/wp\/v2\/pages\/714\/revisions\/715"}],"wp:attachment":[{"href":"https:\/\/spiroide.com\/es\/wp-json\/wp\/v2\/media?parent=714"}],"curies":[{"name":"wp","href":"https:\/\/api.w.org\/{rel}","templated":true}]}}