{"id":885,"date":"2024-03-13T11:58:04","date_gmt":"2024-03-13T11:58:04","guid":{"rendered":"https:\/\/spiroide.com\/schraegstirnraeder\/"},"modified":"2024-03-15T17:11:56","modified_gmt":"2024-03-15T17:11:56","slug":"schraegstirnraeder","status":"publish","type":"page","link":"https:\/\/spiroide.com\/de\/schraegstirnraeder\/","title":{"rendered":"Schr\u00e4gstirnr\u00e4der"},"content":{"rendered":"\t\t<div data-elementor-type=\"wp-page\" data-elementor-id=\"885\" class=\"elementor elementor-885 elementor-27\" data-elementor-post-type=\"page\">\n\t\t\t\t<div class=\"elementor-element elementor-element-7d6e8f8 e-con-full e-flex e-con e-parent\" data-id=\"7d6e8f8\" data-element_type=\"container\" data-e-type=\"container\">\n\t\t<div class=\"elementor-element elementor-element-d76f113 e-con-full e-flex e-con e-child\" data-id=\"d76f113\" data-element_type=\"container\" data-e-type=\"container\" data-settings=\"{&quot;background_background&quot;:&quot;classic&quot;}\">\n\t\t\t\t<div class=\"elementor-element elementor-element-b5796a3 elementor-widget elementor-widget-heading\" data-id=\"b5796a3\" data-element_type=\"widget\" data-e-type=\"widget\" data-widget_type=\"heading.default\">\n\t\t\t\t<div class=\"elementor-widget-container\">\n\t\t\t\t\t<h2 class=\"elementor-heading-title elementor-size-default\">Schr\u00e4gstirnr\u00e4der<\/h2>\t\t\t\t<\/div>\n\t\t\t\t<\/div>\n\t\t\t\t<\/div>\n\t\t<div class=\"elementor-element elementor-element-8e44a7d e-con-full e-flex e-con e-child\" data-id=\"8e44a7d\" data-element_type=\"container\" data-e-type=\"container\" data-settings=\"{&quot;background_background&quot;:&quot;classic&quot;}\">\n\t\t\t\t<\/div>\n\t\t\t\t<\/div>\n\t\t<div class=\"elementor-element elementor-element-6ef8179 e-flex e-con-boxed e-con e-parent\" data-id=\"6ef8179\" data-element_type=\"container\" data-e-type=\"container\">\n\t\t\t\t\t<div class=\"e-con-inner\">\n\t\t<div class=\"elementor-element elementor-element-93c45fa e-con-full e-flex e-con e-child\" data-id=\"93c45fa\" data-element_type=\"container\" data-e-type=\"container\">\n\t\t\t\t<div class=\"elementor-element elementor-element-6703953 elementor-widget elementor-widget-text-editor\" data-id=\"6703953\" data-element_type=\"widget\" data-e-type=\"widget\" data-widget_type=\"text-editor.default\">\n\t\t\t\t<div class=\"elementor-widget-container\">\n\t\t\t\t\t\t\t\t\t<p><span style=\"color: #0075c9;\">Verzahnungschnitt<\/span> Maximaler \u00d8 2.000 mm<\/p>\n\t\t\t\t\t\t\t\t<\/div>\n\t\t\t\t<\/div>\n\t\t\t\t<div class=\"elementor-element elementor-element-d0a8dd0 elementor-widget elementor-widget-text-editor\" data-id=\"d0a8dd0\" data-element_type=\"widget\" data-e-type=\"widget\" data-widget_type=\"text-editor.default\">\n\t\t\t\t<div class=\"elementor-widget-container\">\n\t\t\t\t\t\t\t\t\t<p><span style=\"color: #0075c9;\">Flankenschleifen<\/span> Maximum \u00d8 2.000 mm<\/p>\n\t\t\t\t\t\t\t\t<\/div>\n\t\t\t\t<\/div>\n\t\t\t\t<div class=\"elementor-element elementor-element-9f8d48f elementor-widget elementor-widget-text-editor\" data-id=\"9f8d48f\" data-element_type=\"widget\" data-e-type=\"widget\" data-widget_type=\"text-editor.default\">\n\t\t\t\t<div class=\"elementor-widget-container\">\n\t\t\t\t\t\t\t\t\t<p>Garantierte Qualit\u00e4t 6 nach DIN 3962<\/p>\n\t\t\t\t\t\t\t\t<\/div>\n\t\t\t\t<\/div>\n\t\t\t\t<div class=\"elementor-element elementor-element-743c8c7 elementor-widget-divider--view-line elementor-widget elementor-widget-divider\" data-id=\"743c8c7\" data-element_type=\"widget\" data-e-type=\"widget\" data-widget_type=\"divider.default\">\n\t\t\t\t<div class=\"elementor-widget-container\">\n\t\t\t\t\t\t\t<div class=\"elementor-divider\">\n\t\t\t<span class=\"elementor-divider-separator\">\n\t\t\t\t\t\t<\/span>\n\t\t<\/div>\n\t\t\t\t\t\t<\/div>\n\t\t\t\t<\/div>\n\t\t\t\t<\/div>\n\t\t<div class=\"elementor-element elementor-element-bf19808 e-con-full e-flex e-con e-child\" data-id=\"bf19808\" data-element_type=\"container\" data-e-type=\"container\">\n\t\t\t\t<div class=\"elementor-element elementor-element-a05ea84 elementor-widget elementor-widget-image\" data-id=\"a05ea84\" data-element_type=\"widget\" data-e-type=\"widget\" data-widget_type=\"image.default\">\n\t\t\t\t<div class=\"elementor-widget-container\">\n\t\t\t\t\t\t\t\t\t\t\t\t\t\t\t<img fetchpriority=\"high\" decoding=\"async\" width=\"914\" height=\"908\" src=\"https:\/\/spiroide.com\/wp-content\/uploads\/2024\/03\/helical-spur-gears.png\" class=\"attachment-large size-large wp-image-610\" alt=\"\" srcset=\"https:\/\/spiroide.com\/wp-content\/uploads\/2024\/03\/helical-spur-gears.png 914w, https:\/\/spiroide.com\/wp-content\/uploads\/2024\/03\/helical-spur-gears-300x298.png 300w, https:\/\/spiroide.com\/wp-content\/uploads\/2024\/03\/helical-spur-gears-150x150.png 150w, https:\/\/spiroide.com\/wp-content\/uploads\/2024\/03\/helical-spur-gears-768x763.png 768w\" sizes=\"(max-width: 914px) 100vw, 914px\" \/>\t\t\t\t\t\t\t\t\t\t\t\t\t\t\t<\/div>\n\t\t\t\t<\/div>\n\t\t\t\t<\/div>\n\t\t\t\t\t<\/div>\n\t\t\t\t<\/div>\n\t\t<div class=\"elementor-element elementor-element-e6b06da e-flex e-con-boxed e-con e-parent\" data-id=\"e6b06da\" data-element_type=\"container\" data-e-type=\"container\">\n\t\t\t\t\t<div class=\"e-con-inner\">\n\t\t\t\t<div class=\"elementor-element elementor-element-fa2ba93 elementor-widget elementor-widget-text-editor\" data-id=\"fa2ba93\" data-element_type=\"widget\" data-e-type=\"widget\" data-widget_type=\"text-editor.default\">\n\t\t\t\t<div class=\"elementor-widget-container\">\n\t\t\t\t\t\t\t\t\t<p>Wir sind in der Lage, Zahnkr\u00e4nze von bis zu einem Durchmesser 2000 herzustellen und erf\u00fcllen auch die h\u00f6chsten Anforderungen an Oberfl\u00e4chen- und Zahnqualit\u00e4t.<\/p>\n\t\t\t\t\t\t\t\t<\/div>\n\t\t\t\t<\/div>\n\t\t\t\t<div class=\"elementor-element elementor-element-7f42f8c elementor-widget elementor-widget-text-editor\" data-id=\"7f42f8c\" data-element_type=\"widget\" data-e-type=\"widget\" data-widget_type=\"text-editor.default\">\n\t\t\t\t<div class=\"elementor-widget-container\">\n\t\t\t\t\t\t\t\t\t<p>Die Anwendung der optimalen Korrekturen in Profilballigkeit, Kopf- und\/oder Fu\u00dfr\u00fccknahme und Fu\u00dfradius gew\u00e4hrleistet einen ruhigen Lauf und ein optimales Ger\u00e4uschverhalten des Getriebes.<\/p>\n\t\t\t\t\t\t\t\t<\/div>\n\t\t\t\t<\/div>\n\t\t\t\t\t<\/div>\n\t\t\t\t<\/div>\n\t\t<div class=\"elementor-element elementor-element-5800f12 e-flex e-con-boxed e-con e-child\" data-id=\"5800f12\" data-element_type=\"container\" data-e-type=\"container\">\n\t\t\t\t\t<div class=\"e-con-inner\">\n\t\t<div class=\"elementor-element elementor-element-6c3428d e-con-full e-flex e-con e-child\" data-id=\"6c3428d\" data-element_type=\"container\" data-e-type=\"container\">\n\t\t<div class=\"elementor-element elementor-element-ab40fd3 e-flex e-con-boxed e-con e-child\" data-id=\"ab40fd3\" data-element_type=\"container\" data-e-type=\"container\" data-settings=\"{&quot;background_background&quot;:&quot;classic&quot;}\">\n\t\t\t\t\t<div class=\"e-con-inner\">\n\t\t\t\t<div class=\"elementor-element elementor-element-1468e1a overfloww elementor-widget elementor-widget-image\" data-id=\"1468e1a\" data-element_type=\"widget\" data-e-type=\"widget\" data-widget_type=\"image.default\">\n\t\t\t\t<div class=\"elementor-widget-container\">\n\t\t\t\t\t\t\t\t\t\t\t\t\t\t\t\t<a href=\"https:\/\/spiroide.com\/wp-content\/uploads\/2024\/03\/1-1.jpg\" data-elementor-open-lightbox=\"yes\" data-elementor-lightbox-title=\"1 (1)\" data-e-action-hash=\"#elementor-action%3Aaction%3Dlightbox%26settings%3DeyJpZCI6NjE2LCJ1cmwiOiJodHRwczpcL1wvc3Bpcm9pZGUuY29tXC93cC1jb250ZW50XC91cGxvYWRzXC8yMDI0XC8wM1wvMS0xLmpwZyJ9\">\n\t\t\t\t\t\t\t<img decoding=\"async\" width=\"480\" height=\"640\" src=\"https:\/\/spiroide.com\/wp-content\/uploads\/2024\/03\/1-1.jpg\" class=\"elementor-animation-grow attachment-large size-large wp-image-616\" alt=\"\" srcset=\"https:\/\/spiroide.com\/wp-content\/uploads\/2024\/03\/1-1.jpg 480w, https:\/\/spiroide.com\/wp-content\/uploads\/2024\/03\/1-1-225x300.jpg 225w\" sizes=\"(max-width: 480px) 100vw, 480px\" \/>\t\t\t\t\t\t\t\t<\/a>\n\t\t\t\t\t\t\t\t\t\t\t\t\t\t\t<\/div>\n\t\t\t\t<\/div>\n\t\t\t\t<div class=\"elementor-element elementor-element-945140c overfloww elementor-widget elementor-widget-image\" data-id=\"945140c\" data-element_type=\"widget\" data-e-type=\"widget\" data-widget_type=\"image.default\">\n\t\t\t\t<div class=\"elementor-widget-container\">\n\t\t\t\t\t\t\t\t\t\t\t\t\t\t\t\t<a href=\"https:\/\/spiroide.com\/wp-content\/uploads\/2024\/03\/2-1.jpg\" data-elementor-open-lightbox=\"yes\" data-elementor-lightbox-title=\"2 (1)\" data-e-action-hash=\"#elementor-action%3Aaction%3Dlightbox%26settings%3DeyJpZCI6NjE5LCJ1cmwiOiJodHRwczpcL1wvc3Bpcm9pZGUuY29tXC93cC1jb250ZW50XC91cGxvYWRzXC8yMDI0XC8wM1wvMi0xLmpwZyJ9\">\n\t\t\t\t\t\t\t<img decoding=\"async\" width=\"1024\" height=\"683\" src=\"https:\/\/spiroide.com\/wp-content\/uploads\/2024\/03\/2-1-1024x683.jpg\" class=\"elementor-animation-grow attachment-large size-large wp-image-619\" alt=\"\" srcset=\"https:\/\/spiroide.com\/wp-content\/uploads\/2024\/03\/2-1-1024x683.jpg 1024w, https:\/\/spiroide.com\/wp-content\/uploads\/2024\/03\/2-1-300x200.jpg 300w, https:\/\/spiroide.com\/wp-content\/uploads\/2024\/03\/2-1-768x512.jpg 768w, https:\/\/spiroide.com\/wp-content\/uploads\/2024\/03\/2-1.jpg 1200w\" sizes=\"(max-width: 1024px) 100vw, 1024px\" \/>\t\t\t\t\t\t\t\t<\/a>\n\t\t\t\t\t\t\t\t\t\t\t\t\t\t\t<\/div>\n\t\t\t\t<\/div>\n\t\t\t\t\t<\/div>\n\t\t\t\t<\/div>\n\t\t\t\t<\/div>\n\t\t<div class=\"elementor-element elementor-element-c49d6d0 e-con-full e-flex e-con e-child\" data-id=\"c49d6d0\" data-element_type=\"container\" data-e-type=\"container\" data-settings=\"{&quot;background_background&quot;:&quot;classic&quot;}\">\n\t\t<div class=\"elementor-element elementor-element-fd981a1 e-con-full e-flex e-con e-child\" data-id=\"fd981a1\" data-element_type=\"container\" data-e-type=\"container\">\n\t\t\t\t<div class=\"elementor-element elementor-element-cc7975e overfloww elementor-widget elementor-widget-image\" data-id=\"cc7975e\" data-element_type=\"widget\" data-e-type=\"widget\" data-widget_type=\"image.default\">\n\t\t\t\t<div class=\"elementor-widget-container\">\n\t\t\t\t\t\t\t\t\t\t\t\t\t\t\t\t<a href=\"https:\/\/spiroide.com\/wp-content\/uploads\/2024\/03\/3-scaled-1.jpg\" data-elementor-open-lightbox=\"yes\" data-elementor-lightbox-title=\"3-scaled\" data-e-action-hash=\"#elementor-action%3Aaction%3Dlightbox%26settings%3DeyJpZCI6NjEzLCJ1cmwiOiJodHRwczpcL1wvc3Bpcm9pZGUuY29tXC93cC1jb250ZW50XC91cGxvYWRzXC8yMDI0XC8wM1wvMy1zY2FsZWQtMS5qcGcifQ%3D%3D\">\n\t\t\t\t\t\t\t<img loading=\"lazy\" decoding=\"async\" width=\"1946\" height=\"2560\" src=\"https:\/\/spiroide.com\/wp-content\/uploads\/2024\/03\/3-scaled-1.jpg\" class=\"elementor-animation-grow attachment-full size-full wp-image-613\" alt=\"\" srcset=\"https:\/\/spiroide.com\/wp-content\/uploads\/2024\/03\/3-scaled-1.jpg 1946w, https:\/\/spiroide.com\/wp-content\/uploads\/2024\/03\/3-scaled-1-228x300.jpg 228w, https:\/\/spiroide.com\/wp-content\/uploads\/2024\/03\/3-scaled-1-778x1024.jpg 778w, https:\/\/spiroide.com\/wp-content\/uploads\/2024\/03\/3-scaled-1-768x1010.jpg 768w, https:\/\/spiroide.com\/wp-content\/uploads\/2024\/03\/3-scaled-1-1168x1536.jpg 1168w, https:\/\/spiroide.com\/wp-content\/uploads\/2024\/03\/3-scaled-1-1557x2048.jpg 1557w\" sizes=\"(max-width: 1946px) 100vw, 1946px\" \/>\t\t\t\t\t\t\t\t<\/a>\n\t\t\t\t\t\t\t\t\t\t\t\t\t\t\t<\/div>\n\t\t\t\t<\/div>\n\t\t\t\t<\/div>\n\t\t\t\t<\/div>\n\t\t\t\t\t<\/div>\n\t\t\t\t<\/div>\n\t\t\t\t<\/div>\n\t\t","protected":false},"excerpt":{"rendered":"<p>Schr\u00e4gstirnr\u00e4der Verzahnungschnitt Maximaler \u00d8 2.000 mm Flankenschleifen Maximum \u00d8 2.000 mm Garantierte Qualit\u00e4t 6 nach DIN 3962 Wir sind in [&hellip;]<\/p>\n","protected":false},"author":1,"featured_media":0,"parent":0,"menu_order":0,"comment_status":"closed","ping_status":"closed","template":"","meta":{"site-sidebar-layout":"no-sidebar","site-content-layout":"","ast-site-content-layout":"full-width-container","site-content-style":"default","site-sidebar-style":"default","ast-global-header-display":"","ast-banner-title-visibility":"","ast-main-header-display":"","ast-hfb-above-header-display":"","ast-hfb-below-header-display":"","ast-hfb-mobile-header-display":"","site-post-title":"disabled","ast-breadcrumbs-content":"","ast-featured-img":"disabled","footer-sml-layout":"","ast-disable-related-posts":"","theme-transparent-header-meta":"","adv-header-id-meta":"","stick-header-meta":"","header-above-stick-meta":"","header-main-stick-meta":"","header-below-stick-meta":"","astra-migrate-meta-layouts":"default","ast-page-background-enabled":"default","ast-page-background-meta":{"desktop":{"background-color":"var(--ast-global-color-4)","background-image":"","background-repeat":"repeat","background-position":"center center","background-size":"auto","background-attachment":"scroll","background-type":"","background-media":"","overlay-type":"","overlay-color":"","overlay-opacity":"","overlay-gradient":""},"tablet":{"background-color":"","background-image":"","background-repeat":"repeat","background-position":"center center","background-size":"auto","background-attachment":"scroll","background-type":"","background-media":"","overlay-type":"","overlay-color":"","overlay-opacity":"","overlay-gradient":""},"mobile":{"background-color":"","background-image":"","background-repeat":"repeat","background-position":"center center","background-size":"auto","background-attachment":"scroll","background-type":"","background-media":"","overlay-type":"","overlay-color":"","overlay-opacity":"","overlay-gradient":""}},"ast-content-background-meta":{"desktop":{"background-color":"var(--ast-global-color-5)","background-image":"","background-repeat":"repeat","background-position":"center center","background-size":"auto","background-attachment":"scroll","background-type":"","background-media":"","overlay-type":"","overlay-color":"","overlay-opacity":"","overlay-gradient":""},"tablet":{"background-color":"var(--ast-global-color-5)","background-image":"","background-repeat":"repeat","background-position":"center center","background-size":"auto","background-attachment":"scroll","background-type":"","background-media":"","overlay-type":"","overlay-color":"","overlay-opacity":"","overlay-gradient":""},"mobile":{"background-color":"var(--ast-global-color-5)","background-image":"","background-repeat":"repeat","background-position":"center center","background-size":"auto","background-attachment":"scroll","background-type":"","background-media":"","overlay-type":"","overlay-color":"","overlay-opacity":"","overlay-gradient":""}},"footnotes":""},"class_list":["post-885","page","type-page","status-publish","hentry"],"_links":{"self":[{"href":"https:\/\/spiroide.com\/de\/wp-json\/wp\/v2\/pages\/885","targetHints":{"allow":["GET"]}}],"collection":[{"href":"https:\/\/spiroide.com\/de\/wp-json\/wp\/v2\/pages"}],"about":[{"href":"https:\/\/spiroide.com\/de\/wp-json\/wp\/v2\/types\/page"}],"author":[{"embeddable":true,"href":"https:\/\/spiroide.com\/de\/wp-json\/wp\/v2\/users\/1"}],"replies":[{"embeddable":true,"href":"https:\/\/spiroide.com\/de\/wp-json\/wp\/v2\/comments?post=885"}],"version-history":[{"count":1,"href":"https:\/\/spiroide.com\/de\/wp-json\/wp\/v2\/pages\/885\/revisions"}],"predecessor-version":[{"id":886,"href":"https:\/\/spiroide.com\/de\/wp-json\/wp\/v2\/pages\/885\/revisions\/886"}],"wp:attachment":[{"href":"https:\/\/spiroide.com\/de\/wp-json\/wp\/v2\/media?parent=885"}],"curies":[{"name":"wp","href":"https:\/\/api.w.org\/{rel}","templated":true}]}}