{"id":873,"date":"2024-03-13T11:54:50","date_gmt":"2024-03-13T11:54:50","guid":{"rendered":"https:\/\/spiroide.com\/ueber-uns\/"},"modified":"2024-03-15T16:58:48","modified_gmt":"2024-03-15T16:58:48","slug":"ueber-uns","status":"publish","type":"page","link":"https:\/\/spiroide.com\/de\/ueber-uns\/","title":{"rendered":"\u00dcber uns"},"content":{"rendered":"\t\t<div data-elementor-type=\"wp-page\" data-elementor-id=\"873\" class=\"elementor elementor-873 elementor-23\" data-elementor-post-type=\"page\">\n\t\t\t\t<div class=\"elementor-element elementor-element-9fb5e90 e-con-full e-flex e-con e-parent\" data-id=\"9fb5e90\" data-element_type=\"container\" data-e-type=\"container\">\n\t\t<div class=\"elementor-element elementor-element-91b5121 e-con-full e-flex e-con e-child\" data-id=\"91b5121\" data-element_type=\"container\" data-e-type=\"container\" data-settings=\"{&quot;background_background&quot;:&quot;classic&quot;}\">\n\t\t\t\t<div class=\"elementor-element elementor-element-82f23ec elementor-widget elementor-widget-heading\" data-id=\"82f23ec\" data-element_type=\"widget\" data-e-type=\"widget\" data-widget_type=\"heading.default\">\n\t\t\t\t<div class=\"elementor-widget-container\">\n\t\t\t\t\t<h2 class=\"elementor-heading-title elementor-size-default\">\u00dcber uns<\/h2>\t\t\t\t<\/div>\n\t\t\t\t<\/div>\n\t\t\t\t<\/div>\n\t\t<div class=\"elementor-element elementor-element-09719c9 e-con-full e-flex e-con e-child\" data-id=\"09719c9\" data-element_type=\"container\" data-e-type=\"container\" data-settings=\"{&quot;background_background&quot;:&quot;classic&quot;}\">\n\t\t\t\t<\/div>\n\t\t\t\t<\/div>\n\t\t<div class=\"elementor-element elementor-element-74c2ccf e-flex e-con-boxed e-con e-parent\" data-id=\"74c2ccf\" data-element_type=\"container\" data-e-type=\"container\">\n\t\t\t\t\t<div class=\"e-con-inner\">\n\t\t\t\t<div class=\"elementor-element elementor-element-60f980f elementor-widget elementor-widget-text-editor\" data-id=\"60f980f\" data-element_type=\"widget\" data-e-type=\"widget\" data-widget_type=\"text-editor.default\">\n\t\t\t\t<div class=\"elementor-widget-container\">\n\t\t\t\t\t\t\t\t\t<p>SPIROIDE ist ein Hersteller von h\u00f6chpr\u00e4zisen Spiralkegelr\u00e4dern und Schneckengetriebe in Sant Joan de Vilatorrada (Barcelona) und seit mehr als 75 Jahren auf dem Markt.<\/p>\n\t\t\t\t\t\t\t\t<\/div>\n\t\t\t\t<\/div>\n\t\t\t\t<div class=\"elementor-element elementor-element-362c397 elementor-widget elementor-widget-text-editor\" data-id=\"362c397\" data-element_type=\"widget\" data-e-type=\"widget\" data-widget_type=\"text-editor.default\">\n\t\t\t\t<div class=\"elementor-widget-container\">\n\t\t\t\t\t\t\t\t\t<p>Heute verwenden wir die modernsten Anlagen, um Verzahnungen herzustellen nach den strengen Anforderungen der Kunden. Unsere langj\u00e4hrige Erfahrung in Kombination mit der neuesten Berechnungssoftware erm\u00f6glicht uns, unseren Kunden bei der Entwicklung und Optimierung vollst\u00e4ndig kundenspezifischer Getriebe f\u00fcr eine optimale Leistung zu helfen.<\/p>\n\t\t\t\t\t\t\t\t<\/div>\n\t\t\t\t<\/div>\n\t\t\t\t<div class=\"elementor-element elementor-element-1d0bda2 elementor-widget elementor-widget-text-editor\" data-id=\"1d0bda2\" data-element_type=\"widget\" data-e-type=\"widget\" data-widget_type=\"text-editor.default\">\n\t\t\t\t<div class=\"elementor-widget-container\">\n\t\t\t\t\t\t\t\t\t<p>Unser Ziel ist es, langfristige Gesch\u00e4ftsbeziehungen mit unseren Kunden aufzubauen, indem wir eine hervorragende Kombination aus Qualit\u00e4t, Preis und Service anbieten und auch als Hersteller von hochpr\u00e4zisen Zahnr\u00e4dern f\u00fcr die Qualit\u00e4t und Zuverl\u00e4ssigkeit unserer Produkte anerkannt zu werden. Wir kombinieren die lokale Produktion mit einer globalen Pr\u00e4senz mit einem weltweiten Kundenstamm.<\/p>\n\t\t\t\t\t\t\t\t<\/div>\n\t\t\t\t<\/div>\n\t\t\t\t<div class=\"elementor-element elementor-element-539792d elementor-widget elementor-widget-image\" data-id=\"539792d\" data-element_type=\"widget\" data-e-type=\"widget\" data-widget_type=\"image.default\">\n\t\t\t\t<div class=\"elementor-widget-container\">\n\t\t\t\t\t\t\t\t\t\t\t\t\t\t\t\t<a href=\"https:\/\/spiroide.com\/wp-content\/uploads\/2024\/03\/equip.jpeg\" data-elementor-open-lightbox=\"yes\" data-elementor-lightbox-title=\"equip\" data-e-action-hash=\"#elementor-action%3Aaction%3Dlightbox%26settings%3DeyJpZCI6NTU2LCJ1cmwiOiJodHRwczpcL1wvc3Bpcm9pZGUuY29tXC93cC1jb250ZW50XC91cGxvYWRzXC8yMDI0XC8wM1wvZXF1aXAuanBlZyJ9\">\n\t\t\t\t\t\t\t<img fetchpriority=\"high\" decoding=\"async\" width=\"1000\" height=\"667\" src=\"https:\/\/spiroide.com\/wp-content\/uploads\/2024\/03\/equip.jpeg\" class=\"attachment-full size-full wp-image-556\" alt=\"\" srcset=\"https:\/\/spiroide.com\/wp-content\/uploads\/2024\/03\/equip.jpeg 1000w, https:\/\/spiroide.com\/wp-content\/uploads\/2024\/03\/equip-300x200.jpeg 300w, https:\/\/spiroide.com\/wp-content\/uploads\/2024\/03\/equip-768x512.jpeg 768w\" sizes=\"(max-width: 1000px) 100vw, 1000px\" \/>\t\t\t\t\t\t\t\t<\/a>\n\t\t\t\t\t\t\t\t\t\t\t\t\t\t\t<\/div>\n\t\t\t\t<\/div>\n\t\t\t\t<div class=\"elementor-element elementor-element-7446ba1 elementor-widget elementor-widget-video\" data-id=\"7446ba1\" data-element_type=\"widget\" data-e-type=\"widget\" data-settings=\"{&quot;youtube_url&quot;:&quot;https:\\\/\\\/www.youtube.com\\\/watch?v=S6hHT8KEhDE&quot;,&quot;video_type&quot;:&quot;youtube&quot;,&quot;controls&quot;:&quot;yes&quot;}\" data-widget_type=\"video.default\">\n\t\t\t\t<div class=\"elementor-widget-container\">\n\t\t\t\t\t\t\t<div class=\"elementor-wrapper elementor-open-inline\">\n\t\t\t<div class=\"elementor-video\"><\/div>\t\t<\/div>\n\t\t\t\t\t\t<\/div>\n\t\t\t\t<\/div>\n\t\t\t\t\t<\/div>\n\t\t\t\t<\/div>\n\t\t\t\t<\/div>\n\t\t","protected":false},"excerpt":{"rendered":"<p>\u00dcber uns SPIROIDE ist ein Hersteller von h\u00f6chpr\u00e4zisen Spiralkegelr\u00e4dern und Schneckengetriebe in Sant Joan de Vilatorrada (Barcelona) und seit mehr [&hellip;]<\/p>\n","protected":false},"author":1,"featured_media":0,"parent":0,"menu_order":0,"comment_status":"closed","ping_status":"closed","template":"","meta":{"site-sidebar-layout":"no-sidebar","site-content-layout":"","ast-site-content-layout":"full-width-container","site-content-style":"default","site-sidebar-style":"default","ast-global-header-display":"","ast-banner-title-visibility":"","ast-main-header-display":"","ast-hfb-above-header-display":"","ast-hfb-below-header-display":"","ast-hfb-mobile-header-display":"","site-post-title":"disabled","ast-breadcrumbs-content":"","ast-featured-img":"disabled","footer-sml-layout":"","ast-disable-related-posts":"","theme-transparent-header-meta":"","adv-header-id-meta":"","stick-header-meta":"","header-above-stick-meta":"","header-main-stick-meta":"","header-below-stick-meta":"","astra-migrate-meta-layouts":"default","ast-page-background-enabled":"default","ast-page-background-meta":{"desktop":{"background-color":"var(--ast-global-color-4)","background-image":"","background-repeat":"repeat","background-position":"center center","background-size":"auto","background-attachment":"scroll","background-type":"","background-media":"","overlay-type":"","overlay-color":"","overlay-opacity":"","overlay-gradient":""},"tablet":{"background-color":"","background-image":"","background-repeat":"repeat","background-position":"center center","background-size":"auto","background-attachment":"scroll","background-type":"","background-media":"","overlay-type":"","overlay-color":"","overlay-opacity":"","overlay-gradient":""},"mobile":{"background-color":"","background-image":"","background-repeat":"repeat","background-position":"center center","background-size":"auto","background-attachment":"scroll","background-type":"","background-media":"","overlay-type":"","overlay-color":"","overlay-opacity":"","overlay-gradient":""}},"ast-content-background-meta":{"desktop":{"background-color":"var(--ast-global-color-5)","background-image":"","background-repeat":"repeat","background-position":"center center","background-size":"auto","background-attachment":"scroll","background-type":"","background-media":"","overlay-type":"","overlay-color":"","overlay-opacity":"","overlay-gradient":""},"tablet":{"background-color":"var(--ast-global-color-5)","background-image":"","background-repeat":"repeat","background-position":"center center","background-size":"auto","background-attachment":"scroll","background-type":"","background-media":"","overlay-type":"","overlay-color":"","overlay-opacity":"","overlay-gradient":""},"mobile":{"background-color":"var(--ast-global-color-5)","background-image":"","background-repeat":"repeat","background-position":"center center","background-size":"auto","background-attachment":"scroll","background-type":"","background-media":"","overlay-type":"","overlay-color":"","overlay-opacity":"","overlay-gradient":""}},"footnotes":""},"class_list":["post-873","page","type-page","status-publish","hentry"],"_links":{"self":[{"href":"https:\/\/spiroide.com\/de\/wp-json\/wp\/v2\/pages\/873","targetHints":{"allow":["GET"]}}],"collection":[{"href":"https:\/\/spiroide.com\/de\/wp-json\/wp\/v2\/pages"}],"about":[{"href":"https:\/\/spiroide.com\/de\/wp-json\/wp\/v2\/types\/page"}],"author":[{"embeddable":true,"href":"https:\/\/spiroide.com\/de\/wp-json\/wp\/v2\/users\/1"}],"replies":[{"embeddable":true,"href":"https:\/\/spiroide.com\/de\/wp-json\/wp\/v2\/comments?post=873"}],"version-history":[{"count":1,"href":"https:\/\/spiroide.com\/de\/wp-json\/wp\/v2\/pages\/873\/revisions"}],"predecessor-version":[{"id":874,"href":"https:\/\/spiroide.com\/de\/wp-json\/wp\/v2\/pages\/873\/revisions\/874"}],"wp:attachment":[{"href":"https:\/\/spiroide.com\/de\/wp-json\/wp\/v2\/media?parent=873"}],"curies":[{"name":"wp","href":"https:\/\/api.w.org\/{rel}","templated":true}]}}