{"id":820,"date":"2024-03-13T12:04:20","date_gmt":"2024-03-13T12:04:20","guid":{"rendered":"https:\/\/spiroide.com\/technischer-beistand\/"},"modified":"2024-03-15T19:43:10","modified_gmt":"2024-03-15T19:43:10","slug":"technischer-beistand","status":"publish","type":"page","link":"https:\/\/spiroide.com\/de\/technischer-beistand\/","title":{"rendered":"Technischer Support"},"content":{"rendered":"\t\t<div data-elementor-type=\"wp-page\" data-elementor-id=\"820\" class=\"elementor elementor-820 elementor-39\" data-elementor-post-type=\"page\">\n\t\t\t\t<div class=\"elementor-element elementor-element-bb76bcb e-con-full e-flex e-con e-parent\" data-id=\"bb76bcb\" data-element_type=\"container\" data-e-type=\"container\">\n\t\t<div class=\"elementor-element elementor-element-61d6486 e-con-full e-flex e-con e-child\" data-id=\"61d6486\" data-element_type=\"container\" data-e-type=\"container\" data-settings=\"{&quot;background_background&quot;:&quot;classic&quot;}\">\n\t\t\t\t<div class=\"elementor-element elementor-element-60fc017 elementor-widget elementor-widget-heading\" data-id=\"60fc017\" data-element_type=\"widget\" data-e-type=\"widget\" data-widget_type=\"heading.default\">\n\t\t\t\t<div class=\"elementor-widget-container\">\n\t\t\t\t\t<h2 class=\"elementor-heading-title elementor-size-default\">Technischer Support<\/h2>\t\t\t\t<\/div>\n\t\t\t\t<\/div>\n\t\t\t\t<\/div>\n\t\t<div class=\"elementor-element elementor-element-3c55ee7 e-con-full e-flex e-con e-child\" data-id=\"3c55ee7\" data-element_type=\"container\" data-e-type=\"container\" data-settings=\"{&quot;background_background&quot;:&quot;classic&quot;}\">\n\t\t\t\t<\/div>\n\t\t\t\t<\/div>\n\t\t<div class=\"elementor-element elementor-element-fe674a0 e-flex e-con-boxed e-con e-parent\" data-id=\"fe674a0\" data-element_type=\"container\" data-e-type=\"container\">\n\t\t\t\t\t<div class=\"e-con-inner\">\n\t\t\t\t<div class=\"elementor-element elementor-element-e86bd15 elementor-widget elementor-widget-text-editor\" data-id=\"e86bd15\" data-element_type=\"widget\" data-e-type=\"widget\" data-widget_type=\"text-editor.default\">\n\t\t\t\t<div class=\"elementor-widget-container\">\n\t\t\t\t\t\t\t\t\t<p>Spiroide ist bereit, die anspruchsvollsten Designanforderungen zu erf\u00fcllen, um die Bed\u00fcrfnisse unserer Kunden zu erf\u00fcllen, und wenn es der Fall ist, k\u00f6nnen wir unsere technische Beratung und Unterst\u00fctzung zur Optimierung von Projektdesigns anbieten, gest\u00fctzt auf mehr als 75 Jahre Erfahrung in der Zahnradproduktion. <\/p>\n\t\t\t\t\t\t\t\t<\/div>\n\t\t\t\t<\/div>\n\t\t\t\t<div class=\"elementor-element elementor-element-785adcd elementor-widget elementor-widget-text-editor\" data-id=\"785adcd\" data-element_type=\"widget\" data-e-type=\"widget\" data-widget_type=\"text-editor.default\">\n\t\t\t\t<div class=\"elementor-widget-container\">\n\t\t\t\t\t\t\t\t\t<p>Der Arbeits-\/Nutzungszyklus, die Belastungsbedingungen sowie die Kundenspezifikationen werden w\u00e4hrend unseres gesamten Optimierungsprozesses ber\u00fccksichtigt. Die sorgf\u00e4ltige \u00dcberpr\u00fcfung der Kontaktmusterergebnisse bietet unseren Kunden ein hohes Ma\u00df an Vertrauen und Leistung.<\/p>\n\t\t\t\t\t\t\t\t<\/div>\n\t\t\t\t<\/div>\n\t\t\t\t<div class=\"elementor-element elementor-element-2c5143d elementor-widget elementor-widget-image\" data-id=\"2c5143d\" data-element_type=\"widget\" data-e-type=\"widget\" data-widget_type=\"image.default\">\n\t\t\t\t<div class=\"elementor-widget-container\">\n\t\t\t\t\t\t\t\t\t\t\t\t\t\t\t\t<a href=\"https:\/\/spiroide.com\/wp-content\/uploads\/2024\/03\/Technical_capabilities_Spiroide-1.jpg\" data-elementor-open-lightbox=\"yes\" data-elementor-lightbox-title=\"Technical_capabilities_Spiroide-1\" data-e-action-hash=\"#elementor-action%3Aaction%3Dlightbox%26settings%3DeyJpZCI6NTc3LCJ1cmwiOiJodHRwczpcL1wvc3Bpcm9pZGUuY29tXC93cC1jb250ZW50XC91cGxvYWRzXC8yMDI0XC8wM1wvVGVjaG5pY2FsX2NhcGFiaWxpdGllc19TcGlyb2lkZS0xLmpwZyJ9\">\n\t\t\t\t\t\t\t<img fetchpriority=\"high\" decoding=\"async\" width=\"2052\" height=\"1451\" src=\"https:\/\/spiroide.com\/wp-content\/uploads\/2024\/03\/Technical_capabilities_Spiroide-1.jpg\" class=\"attachment-full size-full wp-image-577\" alt=\"\" srcset=\"https:\/\/spiroide.com\/wp-content\/uploads\/2024\/03\/Technical_capabilities_Spiroide-1.jpg 2052w, https:\/\/spiroide.com\/wp-content\/uploads\/2024\/03\/Technical_capabilities_Spiroide-1-300x212.jpg 300w, https:\/\/spiroide.com\/wp-content\/uploads\/2024\/03\/Technical_capabilities_Spiroide-1-1024x724.jpg 1024w, https:\/\/spiroide.com\/wp-content\/uploads\/2024\/03\/Technical_capabilities_Spiroide-1-768x543.jpg 768w, https:\/\/spiroide.com\/wp-content\/uploads\/2024\/03\/Technical_capabilities_Spiroide-1-1536x1086.jpg 1536w, https:\/\/spiroide.com\/wp-content\/uploads\/2024\/03\/Technical_capabilities_Spiroide-1-2048x1448.jpg 2048w\" sizes=\"(max-width: 2052px) 100vw, 2052px\" \/>\t\t\t\t\t\t\t\t<\/a>\n\t\t\t\t\t\t\t\t\t\t\t\t\t\t\t<\/div>\n\t\t\t\t<\/div>\n\t\t\t\t<div class=\"elementor-element elementor-element-730f836 elementor-widget elementor-widget-image\" data-id=\"730f836\" data-element_type=\"widget\" data-e-type=\"widget\" data-widget_type=\"image.default\">\n\t\t\t\t<div class=\"elementor-widget-container\">\n\t\t\t\t\t\t\t\t\t\t\t\t\t\t\t\t<a href=\"https:\/\/spiroide.com\/wp-content\/uploads\/2024\/03\/Technical.jpg\" data-elementor-open-lightbox=\"yes\" data-elementor-lightbox-title=\"Technical\" data-e-action-hash=\"#elementor-action%3Aaction%3Dlightbox%26settings%3DeyJpZCI6NTgwLCJ1cmwiOiJodHRwczpcL1wvc3Bpcm9pZGUuY29tXC93cC1jb250ZW50XC91cGxvYWRzXC8yMDI0XC8wM1wvVGVjaG5pY2FsLmpwZyJ9\">\n\t\t\t\t\t\t\t<img decoding=\"async\" width=\"1500\" height=\"1159\" src=\"https:\/\/spiroide.com\/wp-content\/uploads\/2024\/03\/Technical.jpg\" class=\"attachment-full size-full wp-image-580\" alt=\"\" srcset=\"https:\/\/spiroide.com\/wp-content\/uploads\/2024\/03\/Technical.jpg 1500w, https:\/\/spiroide.com\/wp-content\/uploads\/2024\/03\/Technical-300x232.jpg 300w, https:\/\/spiroide.com\/wp-content\/uploads\/2024\/03\/Technical-1024x791.jpg 1024w, https:\/\/spiroide.com\/wp-content\/uploads\/2024\/03\/Technical-768x593.jpg 768w\" sizes=\"(max-width: 1500px) 100vw, 1500px\" \/>\t\t\t\t\t\t\t\t<\/a>\n\t\t\t\t\t\t\t\t\t\t\t\t\t\t\t<\/div>\n\t\t\t\t<\/div>\n\t\t\t\t\t<\/div>\n\t\t\t\t<\/div>\n\t\t\t\t<\/div>\n\t\t","protected":false},"excerpt":{"rendered":"<p>Technischer Support Spiroide ist bereit, die anspruchsvollsten Designanforderungen zu erf\u00fcllen, um die Bed\u00fcrfnisse unserer Kunden zu erf\u00fcllen, und wenn es [&hellip;]<\/p>\n","protected":false},"author":1,"featured_media":0,"parent":0,"menu_order":0,"comment_status":"closed","ping_status":"closed","template":"","meta":{"site-sidebar-layout":"no-sidebar","site-content-layout":"","ast-site-content-layout":"full-width-container","site-content-style":"default","site-sidebar-style":"default","ast-global-header-display":"","ast-banner-title-visibility":"","ast-main-header-display":"","ast-hfb-above-header-display":"","ast-hfb-below-header-display":"","ast-hfb-mobile-header-display":"","site-post-title":"disabled","ast-breadcrumbs-content":"","ast-featured-img":"disabled","footer-sml-layout":"","ast-disable-related-posts":"","theme-transparent-header-meta":"","adv-header-id-meta":"","stick-header-meta":"","header-above-stick-meta":"","header-main-stick-meta":"","header-below-stick-meta":"","astra-migrate-meta-layouts":"default","ast-page-background-enabled":"default","ast-page-background-meta":{"desktop":{"background-color":"var(--ast-global-color-4)","background-image":"","background-repeat":"repeat","background-position":"center center","background-size":"auto","background-attachment":"scroll","background-type":"","background-media":"","overlay-type":"","overlay-color":"","overlay-opacity":"","overlay-gradient":""},"tablet":{"background-color":"","background-image":"","background-repeat":"repeat","background-position":"center center","background-size":"auto","background-attachment":"scroll","background-type":"","background-media":"","overlay-type":"","overlay-color":"","overlay-opacity":"","overlay-gradient":""},"mobile":{"background-color":"","background-image":"","background-repeat":"repeat","background-position":"center center","background-size":"auto","background-attachment":"scroll","background-type":"","background-media":"","overlay-type":"","overlay-color":"","overlay-opacity":"","overlay-gradient":""}},"ast-content-background-meta":{"desktop":{"background-color":"var(--ast-global-color-5)","background-image":"","background-repeat":"repeat","background-position":"center center","background-size":"auto","background-attachment":"scroll","background-type":"","background-media":"","overlay-type":"","overlay-color":"","overlay-opacity":"","overlay-gradient":""},"tablet":{"background-color":"var(--ast-global-color-5)","background-image":"","background-repeat":"repeat","background-position":"center center","background-size":"auto","background-attachment":"scroll","background-type":"","background-media":"","overlay-type":"","overlay-color":"","overlay-opacity":"","overlay-gradient":""},"mobile":{"background-color":"var(--ast-global-color-5)","background-image":"","background-repeat":"repeat","background-position":"center center","background-size":"auto","background-attachment":"scroll","background-type":"","background-media":"","overlay-type":"","overlay-color":"","overlay-opacity":"","overlay-gradient":""}},"footnotes":""},"class_list":["post-820","page","type-page","status-publish","hentry"],"_links":{"self":[{"href":"https:\/\/spiroide.com\/de\/wp-json\/wp\/v2\/pages\/820","targetHints":{"allow":["GET"]}}],"collection":[{"href":"https:\/\/spiroide.com\/de\/wp-json\/wp\/v2\/pages"}],"about":[{"href":"https:\/\/spiroide.com\/de\/wp-json\/wp\/v2\/types\/page"}],"author":[{"embeddable":true,"href":"https:\/\/spiroide.com\/de\/wp-json\/wp\/v2\/users\/1"}],"replies":[{"embeddable":true,"href":"https:\/\/spiroide.com\/de\/wp-json\/wp\/v2\/comments?post=820"}],"version-history":[{"count":3,"href":"https:\/\/spiroide.com\/de\/wp-json\/wp\/v2\/pages\/820\/revisions"}],"predecessor-version":[{"id":910,"href":"https:\/\/spiroide.com\/de\/wp-json\/wp\/v2\/pages\/820\/revisions\/910"}],"wp:attachment":[{"href":"https:\/\/spiroide.com\/de\/wp-json\/wp\/v2\/media?parent=820"}],"curies":[{"name":"wp","href":"https:\/\/api.w.org\/{rel}","templated":true}]}}