{"id":853,"date":"2024-03-13T12:00:28","date_gmt":"2024-03-13T12:00:28","guid":{"rendered":"https:\/\/spiroide.com\/eixos-vis-sens-fi-i-corona\/"},"modified":"2024-03-15T16:47:31","modified_gmt":"2024-03-15T16:47:31","slug":"eixos-vis-sens-fi-i-corona","status":"publish","type":"page","link":"https:\/\/spiroide.com\/ca\/eixos-vis-sens-fi-i-corona\/","title":{"rendered":"Eixos vis-sens-fi i Corona"},"content":{"rendered":"\t\t<div data-elementor-type=\"wp-page\" data-elementor-id=\"853\" class=\"elementor elementor-853 elementor-35\" data-elementor-post-type=\"page\">\n\t\t\t\t<div class=\"elementor-element elementor-element-75e16bf e-con-full e-flex e-con e-parent\" data-id=\"75e16bf\" data-element_type=\"container\" data-e-type=\"container\">\n\t\t<div class=\"elementor-element elementor-element-6cc5580 e-con-full e-flex e-con e-child\" data-id=\"6cc5580\" data-element_type=\"container\" data-e-type=\"container\" data-settings=\"{&quot;background_background&quot;:&quot;classic&quot;}\">\n\t\t\t\t<div class=\"elementor-element elementor-element-8124873 elementor-widget elementor-widget-heading\" data-id=\"8124873\" data-element_type=\"widget\" data-e-type=\"widget\" data-widget_type=\"heading.default\">\n\t\t\t\t<div class=\"elementor-widget-container\">\n\t\t\t\t\t<h2 class=\"elementor-heading-title elementor-size-default\">Eixos vis-sens-fi i Corona<\/h2>\t\t\t\t<\/div>\n\t\t\t\t<\/div>\n\t\t\t\t<\/div>\n\t\t<div class=\"elementor-element elementor-element-c5e3425 e-con-full e-flex e-con e-child\" data-id=\"c5e3425\" data-element_type=\"container\" data-e-type=\"container\" data-settings=\"{&quot;background_background&quot;:&quot;classic&quot;}\">\n\t\t\t\t<\/div>\n\t\t\t\t<\/div>\n\t\t<div class=\"elementor-element elementor-element-b8bf523 e-flex e-con-boxed e-con e-parent\" data-id=\"b8bf523\" data-element_type=\"container\" data-e-type=\"container\">\n\t\t\t\t\t<div class=\"e-con-inner\">\n\t\t<div class=\"elementor-element elementor-element-322328e e-con-full e-flex e-con e-child\" data-id=\"322328e\" data-element_type=\"container\" data-e-type=\"container\">\n\t\t\t\t<div class=\"elementor-element elementor-element-b3d8c47 elementor-widget elementor-widget-text-editor\" data-id=\"b3d8c47\" data-element_type=\"widget\" data-e-type=\"widget\" data-widget_type=\"text-editor.default\">\n\t\t\t\t<div class=\"elementor-widget-container\">\n\t\t\t\t\t\t\t\t\t<p><span style=\"color: #0075c9;\">Tallat d\u2019engranatge <\/span> M\u00e0xim \u00d8 2.000 mm<\/p>\n\t\t\t\t\t\t\t\t<\/div>\n\t\t\t\t<\/div>\n\t\t\t\t<div class=\"elementor-element elementor-element-0d8dc51 elementor-widget elementor-widget-text-editor\" data-id=\"0d8dc51\" data-element_type=\"widget\" data-e-type=\"widget\" data-widget_type=\"text-editor.default\">\n\t\t\t\t<div class=\"elementor-widget-container\">\n\t\t\t\t\t\t\t\t\t<p><span style=\"color: #0075c9;\">Rectificat de flancs <\/span> M\u00e0xim \u00d8 2.000 mm<\/p>\n\t\t\t\t\t\t\t\t<\/div>\n\t\t\t\t<\/div>\n\t\t\t\t<div class=\"elementor-element elementor-element-e41524b elementor-widget elementor-widget-text-editor\" data-id=\"e41524b\" data-element_type=\"widget\" data-e-type=\"widget\" data-widget_type=\"text-editor.default\">\n\t\t\t\t<div class=\"elementor-widget-container\">\n\t\t\t\t\t\t\t\t\t<p><span style=\"color: #0075c9;\">Longitud<\/span> 2.000 mm<\/p>\n\t\t\t\t\t\t\t\t<\/div>\n\t\t\t\t<\/div>\n\t\t\t\t<div class=\"elementor-element elementor-element-fbd7342 elementor-widget elementor-widget-text-editor\" data-id=\"fbd7342\" data-element_type=\"widget\" data-e-type=\"widget\" data-widget_type=\"text-editor.default\">\n\t\t\t\t<div class=\"elementor-widget-container\">\n\t\t\t\t\t\t\t\t\t<p>Qualitat 6 garantida segons DIN 3962<\/p>\n\t\t\t\t\t\t\t\t<\/div>\n\t\t\t\t<\/div>\n\t\t\t\t<div class=\"elementor-element elementor-element-c38831b elementor-widget-divider--view-line elementor-widget elementor-widget-divider\" data-id=\"c38831b\" data-element_type=\"widget\" data-e-type=\"widget\" data-widget_type=\"divider.default\">\n\t\t\t\t<div class=\"elementor-widget-container\">\n\t\t\t\t\t\t\t<div class=\"elementor-divider\">\n\t\t\t<span class=\"elementor-divider-separator\">\n\t\t\t\t\t\t<\/span>\n\t\t<\/div>\n\t\t\t\t\t\t<\/div>\n\t\t\t\t<\/div>\n\t\t\t\t<\/div>\n\t\t<div class=\"elementor-element elementor-element-4bb870e e-con-full e-flex e-con e-child\" data-id=\"4bb870e\" data-element_type=\"container\" data-e-type=\"container\">\n\t\t\t\t<div class=\"elementor-element elementor-element-53bd99b elementor-widget elementor-widget-image\" data-id=\"53bd99b\" data-element_type=\"widget\" data-e-type=\"widget\" data-widget_type=\"image.default\">\n\t\t\t\t<div class=\"elementor-widget-container\">\n\t\t\t\t\t\t\t\t\t\t\t\t\t\t\t<img fetchpriority=\"high\" decoding=\"async\" width=\"800\" height=\"499\" src=\"https:\/\/spiroide.com\/wp-content\/uploads\/2024\/03\/principal-1.png\" class=\"attachment-large size-large wp-image-660\" alt=\"\" srcset=\"https:\/\/spiroide.com\/wp-content\/uploads\/2024\/03\/principal-1.png 800w, https:\/\/spiroide.com\/wp-content\/uploads\/2024\/03\/principal-1-300x187.png 300w, https:\/\/spiroide.com\/wp-content\/uploads\/2024\/03\/principal-1-768x479.png 768w\" sizes=\"(max-width: 800px) 100vw, 800px\" \/>\t\t\t\t\t\t\t\t\t\t\t\t\t\t\t<\/div>\n\t\t\t\t<\/div>\n\t\t\t\t<\/div>\n\t\t\t\t\t<\/div>\n\t\t\t\t<\/div>\n\t\t<div class=\"elementor-element elementor-element-fc6a005 e-flex e-con-boxed e-con e-parent\" data-id=\"fc6a005\" data-element_type=\"container\" data-e-type=\"container\">\n\t\t\t\t\t<div class=\"e-con-inner\">\n\t\t\t\t<div class=\"elementor-element elementor-element-4d6c9cf elementor-widget elementor-widget-text-editor\" data-id=\"4d6c9cf\" data-element_type=\"widget\" data-e-type=\"widget\" data-widget_type=\"text-editor.default\">\n\t\t\t\t<div class=\"elementor-widget-container\">\n\t\t\t\t\t\t\t\t\t<p>A Spiroide tamb\u00e9 podem produir jocs complets d\u2019engranatges de vis-sens-fi i corona de fins a 2.000 mm de di\u00e0metre. L\u2019aplicaci\u00f3 de les correccions \u00f2ptimes en a bombaments de perfil, xamfrans de cap i\/o peu i el radi de peu asseguren un comportament ac\u00fastic de la transmissi\u00f3 i un funcionament \u00f2ptim.<\/p>\n\t\t\t\t\t\t\t\t<\/div>\n\t\t\t\t<\/div>\n\t\t\t\t\t<\/div>\n\t\t\t\t<\/div>\n\t\t<div class=\"elementor-element elementor-element-de6c436 e-flex e-con-boxed e-con e-child\" data-id=\"de6c436\" data-element_type=\"container\" data-e-type=\"container\">\n\t\t\t\t\t<div class=\"e-con-inner\">\n\t\t<div class=\"elementor-element elementor-element-05771ad e-con-full e-flex e-con e-child\" data-id=\"05771ad\" data-element_type=\"container\" data-e-type=\"container\">\n\t\t<div class=\"elementor-element elementor-element-639cdf7 e-flex e-con-boxed e-con e-child\" data-id=\"639cdf7\" data-element_type=\"container\" data-e-type=\"container\" data-settings=\"{&quot;background_background&quot;:&quot;classic&quot;}\">\n\t\t\t\t\t<div class=\"e-con-inner\">\n\t\t\t\t<div class=\"elementor-element elementor-element-d3c23d6 overfloww elementor-widget elementor-widget-image\" data-id=\"d3c23d6\" data-element_type=\"widget\" data-e-type=\"widget\" data-widget_type=\"image.default\">\n\t\t\t\t<div class=\"elementor-widget-container\">\n\t\t\t\t\t\t\t\t\t\t\t\t\t\t\t\t<a href=\"https:\/\/spiroide.com\/wp-content\/uploads\/2024\/03\/2-3-scaled-1.jpg\" data-elementor-open-lightbox=\"yes\" data-elementor-lightbox-title=\"2-3-scaled\" data-e-action-hash=\"#elementor-action%3Aaction%3Dlightbox%26settings%3DeyJpZCI6NjYzLCJ1cmwiOiJodHRwczpcL1wvc3Bpcm9pZGUuY29tXC93cC1jb250ZW50XC91cGxvYWRzXC8yMDI0XC8wM1wvMi0zLXNjYWxlZC0xLmpwZyJ9\">\n\t\t\t\t\t\t\t<img decoding=\"async\" width=\"768\" height=\"1024\" src=\"https:\/\/spiroide.com\/wp-content\/uploads\/2024\/03\/2-3-scaled-1-768x1024.jpg\" class=\"elementor-animation-grow attachment-large size-large wp-image-663\" alt=\"\" srcset=\"https:\/\/spiroide.com\/wp-content\/uploads\/2024\/03\/2-3-scaled-1-768x1024.jpg 768w, https:\/\/spiroide.com\/wp-content\/uploads\/2024\/03\/2-3-scaled-1-225x300.jpg 225w, https:\/\/spiroide.com\/wp-content\/uploads\/2024\/03\/2-3-scaled-1-1152x1536.jpg 1152w, https:\/\/spiroide.com\/wp-content\/uploads\/2024\/03\/2-3-scaled-1-1536x2048.jpg 1536w, https:\/\/spiroide.com\/wp-content\/uploads\/2024\/03\/2-3-scaled-1.jpg 1920w\" sizes=\"(max-width: 768px) 100vw, 768px\" \/>\t\t\t\t\t\t\t\t<\/a>\n\t\t\t\t\t\t\t\t\t\t\t\t\t\t\t<\/div>\n\t\t\t\t<\/div>\n\t\t\t\t\t<\/div>\n\t\t\t\t<\/div>\n\t\t\t\t<\/div>\n\t\t<div class=\"elementor-element elementor-element-0f3d9d7 e-con-full e-flex e-con e-child\" data-id=\"0f3d9d7\" data-element_type=\"container\" data-e-type=\"container\" data-settings=\"{&quot;background_background&quot;:&quot;classic&quot;}\">\n\t\t<div class=\"elementor-element elementor-element-40dd0b3 e-con-full e-flex e-con e-child\" data-id=\"40dd0b3\" data-element_type=\"container\" data-e-type=\"container\">\n\t\t\t\t<div class=\"elementor-element elementor-element-e5ff9b5 overfloww elementor-widget elementor-widget-image\" data-id=\"e5ff9b5\" data-element_type=\"widget\" data-e-type=\"widget\" data-widget_type=\"image.default\">\n\t\t\t\t<div class=\"elementor-widget-container\">\n\t\t\t\t\t\t\t\t\t\t\t\t\t\t\t\t<a href=\"https:\/\/spiroide.com\/wp-content\/uploads\/2024\/03\/3-3-scaled-1.jpg\" data-elementor-open-lightbox=\"yes\" data-elementor-lightbox-title=\"3-3-scaled\" data-e-action-hash=\"#elementor-action%3Aaction%3Dlightbox%26settings%3DeyJpZCI6NjY2LCJ1cmwiOiJodHRwczpcL1wvc3Bpcm9pZGUuY29tXC93cC1jb250ZW50XC91cGxvYWRzXC8yMDI0XC8wM1wvMy0zLXNjYWxlZC0xLmpwZyJ9\">\n\t\t\t\t\t\t\t<img decoding=\"async\" width=\"2560\" height=\"1920\" src=\"https:\/\/spiroide.com\/wp-content\/uploads\/2024\/03\/3-3-scaled-1.jpg\" class=\"elementor-animation-grow attachment-full size-full wp-image-666\" alt=\"\" srcset=\"https:\/\/spiroide.com\/wp-content\/uploads\/2024\/03\/3-3-scaled-1.jpg 2560w, https:\/\/spiroide.com\/wp-content\/uploads\/2024\/03\/3-3-scaled-1-300x225.jpg 300w, https:\/\/spiroide.com\/wp-content\/uploads\/2024\/03\/3-3-scaled-1-1024x768.jpg 1024w, https:\/\/spiroide.com\/wp-content\/uploads\/2024\/03\/3-3-scaled-1-768x576.jpg 768w, https:\/\/spiroide.com\/wp-content\/uploads\/2024\/03\/3-3-scaled-1-1536x1152.jpg 1536w, https:\/\/spiroide.com\/wp-content\/uploads\/2024\/03\/3-3-scaled-1-2048x1536.jpg 2048w\" sizes=\"(max-width: 2560px) 100vw, 2560px\" \/>\t\t\t\t\t\t\t\t<\/a>\n\t\t\t\t\t\t\t\t\t\t\t\t\t\t\t<\/div>\n\t\t\t\t<\/div>\n\t\t\t\t<div class=\"elementor-element elementor-element-2fedef1 overfloww elementor-widget elementor-widget-image\" data-id=\"2fedef1\" data-element_type=\"widget\" data-e-type=\"widget\" data-widget_type=\"image.default\">\n\t\t\t\t<div class=\"elementor-widget-container\">\n\t\t\t\t\t\t\t\t\t\t\t\t\t\t\t\t<a href=\"https:\/\/spiroide.com\/wp-content\/uploads\/2024\/03\/4-2-scaled-1.jpg\" data-elementor-open-lightbox=\"yes\" data-elementor-lightbox-title=\"4-2-scaled\" data-e-action-hash=\"#elementor-action%3Aaction%3Dlightbox%26settings%3DeyJpZCI6NjY5LCJ1cmwiOiJodHRwczpcL1wvc3Bpcm9pZGUuY29tXC93cC1jb250ZW50XC91cGxvYWRzXC8yMDI0XC8wM1wvNC0yLXNjYWxlZC0xLmpwZyJ9\">\n\t\t\t\t\t\t\t<img loading=\"lazy\" decoding=\"async\" width=\"2560\" height=\"1920\" src=\"https:\/\/spiroide.com\/wp-content\/uploads\/2024\/03\/4-2-scaled-1.jpg\" class=\"elementor-animation-grow attachment-full size-full wp-image-669\" alt=\"\" srcset=\"https:\/\/spiroide.com\/wp-content\/uploads\/2024\/03\/4-2-scaled-1.jpg 2560w, https:\/\/spiroide.com\/wp-content\/uploads\/2024\/03\/4-2-scaled-1-300x225.jpg 300w, https:\/\/spiroide.com\/wp-content\/uploads\/2024\/03\/4-2-scaled-1-1024x768.jpg 1024w, https:\/\/spiroide.com\/wp-content\/uploads\/2024\/03\/4-2-scaled-1-768x576.jpg 768w, https:\/\/spiroide.com\/wp-content\/uploads\/2024\/03\/4-2-scaled-1-1536x1152.jpg 1536w, https:\/\/spiroide.com\/wp-content\/uploads\/2024\/03\/4-2-scaled-1-2048x1536.jpg 2048w\" sizes=\"(max-width: 2560px) 100vw, 2560px\" \/>\t\t\t\t\t\t\t\t<\/a>\n\t\t\t\t\t\t\t\t\t\t\t\t\t\t\t<\/div>\n\t\t\t\t<\/div>\n\t\t\t\t<\/div>\n\t\t\t\t<\/div>\n\t\t\t\t\t<\/div>\n\t\t\t\t<\/div>\n\t\t\t\t<\/div>\n\t\t","protected":false},"excerpt":{"rendered":"<p>Eixos vis-sens-fi i Corona Tallat d\u2019engranatge M\u00e0xim \u00d8 2.000 mm Rectificat de flancs M\u00e0xim \u00d8 2.000 mm Longitud 2.000 mm [&hellip;]<\/p>\n","protected":false},"author":1,"featured_media":0,"parent":0,"menu_order":0,"comment_status":"closed","ping_status":"closed","template":"","meta":{"site-sidebar-layout":"no-sidebar","site-content-layout":"","ast-site-content-layout":"full-width-container","site-content-style":"default","site-sidebar-style":"default","ast-global-header-display":"","ast-banner-title-visibility":"","ast-main-header-display":"","ast-hfb-above-header-display":"","ast-hfb-below-header-display":"","ast-hfb-mobile-header-display":"","site-post-title":"disabled","ast-breadcrumbs-content":"","ast-featured-img":"disabled","footer-sml-layout":"","ast-disable-related-posts":"","theme-transparent-header-meta":"","adv-header-id-meta":"","stick-header-meta":"","header-above-stick-meta":"","header-main-stick-meta":"","header-below-stick-meta":"","astra-migrate-meta-layouts":"default","ast-page-background-enabled":"default","ast-page-background-meta":{"desktop":{"background-color":"var(--ast-global-color-4)","background-image":"","background-repeat":"repeat","background-position":"center center","background-size":"auto","background-attachment":"scroll","background-type":"","background-media":"","overlay-type":"","overlay-color":"","overlay-opacity":"","overlay-gradient":""},"tablet":{"background-color":"","background-image":"","background-repeat":"repeat","background-position":"center center","background-size":"auto","background-attachment":"scroll","background-type":"","background-media":"","overlay-type":"","overlay-color":"","overlay-opacity":"","overlay-gradient":""},"mobile":{"background-color":"","background-image":"","background-repeat":"repeat","background-position":"center center","background-size":"auto","background-attachment":"scroll","background-type":"","background-media":"","overlay-type":"","overlay-color":"","overlay-opacity":"","overlay-gradient":""}},"ast-content-background-meta":{"desktop":{"background-color":"var(--ast-global-color-5)","background-image":"","background-repeat":"repeat","background-position":"center center","background-size":"auto","background-attachment":"scroll","background-type":"","background-media":"","overlay-type":"","overlay-color":"","overlay-opacity":"","overlay-gradient":""},"tablet":{"background-color":"var(--ast-global-color-5)","background-image":"","background-repeat":"repeat","background-position":"center center","background-size":"auto","background-attachment":"scroll","background-type":"","background-media":"","overlay-type":"","overlay-color":"","overlay-opacity":"","overlay-gradient":""},"mobile":{"background-color":"var(--ast-global-color-5)","background-image":"","background-repeat":"repeat","background-position":"center center","background-size":"auto","background-attachment":"scroll","background-type":"","background-media":"","overlay-type":"","overlay-color":"","overlay-opacity":"","overlay-gradient":""}},"footnotes":""},"class_list":["post-853","page","type-page","status-publish","hentry"],"_links":{"self":[{"href":"https:\/\/spiroide.com\/ca\/wp-json\/wp\/v2\/pages\/853","targetHints":{"allow":["GET"]}}],"collection":[{"href":"https:\/\/spiroide.com\/ca\/wp-json\/wp\/v2\/pages"}],"about":[{"href":"https:\/\/spiroide.com\/ca\/wp-json\/wp\/v2\/types\/page"}],"author":[{"embeddable":true,"href":"https:\/\/spiroide.com\/ca\/wp-json\/wp\/v2\/users\/1"}],"replies":[{"embeddable":true,"href":"https:\/\/spiroide.com\/ca\/wp-json\/wp\/v2\/comments?post=853"}],"version-history":[{"count":1,"href":"https:\/\/spiroide.com\/ca\/wp-json\/wp\/v2\/pages\/853\/revisions"}],"predecessor-version":[{"id":854,"href":"https:\/\/spiroide.com\/ca\/wp-json\/wp\/v2\/pages\/853\/revisions\/854"}],"wp:attachment":[{"href":"https:\/\/spiroide.com\/ca\/wp-json\/wp\/v2\/media?parent=853"}],"curies":[{"name":"wp","href":"https:\/\/api.w.org\/{rel}","templated":true}]}}