{"id":851,"date":"2024-03-13T12:04:20","date_gmt":"2024-03-13T12:04:20","guid":{"rendered":"https:\/\/spiroide.com\/suport-tecnic\/"},"modified":"2024-03-15T16:46:48","modified_gmt":"2024-03-15T16:46:48","slug":"suport-tecnic","status":"publish","type":"page","link":"https:\/\/spiroide.com\/ca\/suport-tecnic\/","title":{"rendered":"Suport T\u00e8cnic"},"content":{"rendered":"\t\t<div data-elementor-type=\"wp-page\" data-elementor-id=\"851\" class=\"elementor elementor-851 elementor-39\" data-elementor-post-type=\"page\">\n\t\t\t\t<div class=\"elementor-element elementor-element-bb76bcb e-con-full e-flex e-con e-parent\" data-id=\"bb76bcb\" data-element_type=\"container\" data-e-type=\"container\">\n\t\t<div class=\"elementor-element elementor-element-61d6486 e-con-full e-flex e-con e-child\" data-id=\"61d6486\" data-element_type=\"container\" data-e-type=\"container\" data-settings=\"{&quot;background_background&quot;:&quot;classic&quot;}\">\n\t\t\t\t<div class=\"elementor-element elementor-element-60fc017 elementor-widget elementor-widget-heading\" data-id=\"60fc017\" data-element_type=\"widget\" data-e-type=\"widget\" data-widget_type=\"heading.default\">\n\t\t\t\t<div class=\"elementor-widget-container\">\n\t\t\t\t\t<h2 class=\"elementor-heading-title elementor-size-default\">Suport T\u00e8cnic<\/h2>\t\t\t\t<\/div>\n\t\t\t\t<\/div>\n\t\t\t\t<\/div>\n\t\t<div class=\"elementor-element elementor-element-3c55ee7 e-con-full e-flex e-con e-child\" data-id=\"3c55ee7\" data-element_type=\"container\" data-e-type=\"container\" data-settings=\"{&quot;background_background&quot;:&quot;classic&quot;}\">\n\t\t\t\t<\/div>\n\t\t\t\t<\/div>\n\t\t<div class=\"elementor-element elementor-element-fe674a0 e-flex e-con-boxed e-con e-parent\" data-id=\"fe674a0\" data-element_type=\"container\" data-e-type=\"container\">\n\t\t\t\t\t<div class=\"e-con-inner\">\n\t\t\t\t<div class=\"elementor-element elementor-element-e86bd15 elementor-widget elementor-widget-text-editor\" data-id=\"e86bd15\" data-element_type=\"widget\" data-e-type=\"widget\" data-widget_type=\"text-editor.default\">\n\t\t\t\t<div class=\"elementor-widget-container\">\n\t\t\t\t\t\t\t\t\t<p>A Spiroide estem preparats per complir amb els requisits de disseny m\u00e9s exigents i satisfer aix\u00ed les necessitats dels nostres clients i, quan sigui el cas, podem oferir el nostre assessorament i suport t\u00e8cnic per optimitzar els dissenys dels projectes, recolzats per m\u00e9s de 75 anys d\u2019experi\u00e8ncia en el negoci de la producci\u00f3 d\u2019engranatges. <\/p>\n\t\t\t\t\t\t\t\t<\/div>\n\t\t\t\t<\/div>\n\t\t\t\t<div class=\"elementor-element elementor-element-785adcd elementor-widget elementor-widget-text-editor\" data-id=\"785adcd\" data-element_type=\"widget\" data-e-type=\"widget\" data-widget_type=\"text-editor.default\">\n\t\t\t\t<div class=\"elementor-widget-container\">\n\t\t\t\t\t\t\t\t\t<p>El cicle de treball\/\u00fas, les condicions de c\u00e0rrega, aix\u00ed com les especificacions dels clients, s\u00f3n considerats durant el nostre complet proc\u00e9s d\u2019optimitzaci\u00f3. La revisi\u00f3 meticulosa dels resultats del patr\u00f3 de contacte ens permet assegurar un alt nivell de confian\u00e7a i rendiment als nostres clients.<\/p>\n\t\t\t\t\t\t\t\t<\/div>\n\t\t\t\t<\/div>\n\t\t\t\t<div class=\"elementor-element elementor-element-2c5143d elementor-widget elementor-widget-image\" data-id=\"2c5143d\" data-element_type=\"widget\" data-e-type=\"widget\" data-widget_type=\"image.default\">\n\t\t\t\t<div class=\"elementor-widget-container\">\n\t\t\t\t\t\t\t\t\t\t\t\t\t\t\t\t<a href=\"https:\/\/spiroide.com\/wp-content\/uploads\/2024\/03\/Technical_capabilities_Spiroide-1.jpg\" data-elementor-open-lightbox=\"yes\" data-elementor-lightbox-title=\"Technical_capabilities_Spiroide-1\" data-e-action-hash=\"#elementor-action%3Aaction%3Dlightbox%26settings%3DeyJpZCI6NTc2LCJ1cmwiOiJodHRwczpcL1wvc3Bpcm9pZGUuY29tXC93cC1jb250ZW50XC91cGxvYWRzXC8yMDI0XC8wM1wvVGVjaG5pY2FsX2NhcGFiaWxpdGllc19TcGlyb2lkZS0xLmpwZyJ9\">\n\t\t\t\t\t\t\t<img fetchpriority=\"high\" decoding=\"async\" width=\"2052\" height=\"1451\" src=\"https:\/\/spiroide.com\/wp-content\/uploads\/2024\/03\/Technical_capabilities_Spiroide-1.jpg\" class=\"attachment-full size-full wp-image-576\" alt=\"\" srcset=\"https:\/\/spiroide.com\/wp-content\/uploads\/2024\/03\/Technical_capabilities_Spiroide-1.jpg 2052w, https:\/\/spiroide.com\/wp-content\/uploads\/2024\/03\/Technical_capabilities_Spiroide-1-300x212.jpg 300w, https:\/\/spiroide.com\/wp-content\/uploads\/2024\/03\/Technical_capabilities_Spiroide-1-1024x724.jpg 1024w, https:\/\/spiroide.com\/wp-content\/uploads\/2024\/03\/Technical_capabilities_Spiroide-1-768x543.jpg 768w, https:\/\/spiroide.com\/wp-content\/uploads\/2024\/03\/Technical_capabilities_Spiroide-1-1536x1086.jpg 1536w, https:\/\/spiroide.com\/wp-content\/uploads\/2024\/03\/Technical_capabilities_Spiroide-1-2048x1448.jpg 2048w\" sizes=\"(max-width: 2052px) 100vw, 2052px\" \/>\t\t\t\t\t\t\t\t<\/a>\n\t\t\t\t\t\t\t\t\t\t\t\t\t\t\t<\/div>\n\t\t\t\t<\/div>\n\t\t\t\t<div class=\"elementor-element elementor-element-730f836 elementor-widget elementor-widget-image\" data-id=\"730f836\" data-element_type=\"widget\" data-e-type=\"widget\" data-widget_type=\"image.default\">\n\t\t\t\t<div class=\"elementor-widget-container\">\n\t\t\t\t\t\t\t\t\t\t\t\t\t\t\t\t<a href=\"https:\/\/spiroide.com\/wp-content\/uploads\/2024\/03\/Technical.jpg\" data-elementor-open-lightbox=\"yes\" data-elementor-lightbox-title=\"Technical\" data-e-action-hash=\"#elementor-action%3Aaction%3Dlightbox%26settings%3DeyJpZCI6NTc5LCJ1cmwiOiJodHRwczpcL1wvc3Bpcm9pZGUuY29tXC93cC1jb250ZW50XC91cGxvYWRzXC8yMDI0XC8wM1wvVGVjaG5pY2FsLmpwZyJ9\">\n\t\t\t\t\t\t\t<img decoding=\"async\" width=\"1500\" height=\"1159\" src=\"https:\/\/spiroide.com\/wp-content\/uploads\/2024\/03\/Technical.jpg\" class=\"attachment-full size-full wp-image-579\" alt=\"\" srcset=\"https:\/\/spiroide.com\/wp-content\/uploads\/2024\/03\/Technical.jpg 1500w, https:\/\/spiroide.com\/wp-content\/uploads\/2024\/03\/Technical-300x232.jpg 300w, https:\/\/spiroide.com\/wp-content\/uploads\/2024\/03\/Technical-1024x791.jpg 1024w, https:\/\/spiroide.com\/wp-content\/uploads\/2024\/03\/Technical-768x593.jpg 768w\" sizes=\"(max-width: 1500px) 100vw, 1500px\" \/>\t\t\t\t\t\t\t\t<\/a>\n\t\t\t\t\t\t\t\t\t\t\t\t\t\t\t<\/div>\n\t\t\t\t<\/div>\n\t\t\t\t\t<\/div>\n\t\t\t\t<\/div>\n\t\t\t\t<\/div>\n\t\t","protected":false},"excerpt":{"rendered":"<p>Suport T\u00e8cnic A Spiroide estem preparats per complir amb els requisits de disseny m\u00e9s exigents i satisfer aix\u00ed les necessitats [&hellip;]<\/p>\n","protected":false},"author":1,"featured_media":0,"parent":0,"menu_order":0,"comment_status":"closed","ping_status":"closed","template":"","meta":{"site-sidebar-layout":"no-sidebar","site-content-layout":"","ast-site-content-layout":"full-width-container","site-content-style":"default","site-sidebar-style":"default","ast-global-header-display":"","ast-banner-title-visibility":"","ast-main-header-display":"","ast-hfb-above-header-display":"","ast-hfb-below-header-display":"","ast-hfb-mobile-header-display":"","site-post-title":"disabled","ast-breadcrumbs-content":"","ast-featured-img":"disabled","footer-sml-layout":"","ast-disable-related-posts":"","theme-transparent-header-meta":"","adv-header-id-meta":"","stick-header-meta":"","header-above-stick-meta":"","header-main-stick-meta":"","header-below-stick-meta":"","astra-migrate-meta-layouts":"default","ast-page-background-enabled":"default","ast-page-background-meta":{"desktop":{"background-color":"var(--ast-global-color-4)","background-image":"","background-repeat":"repeat","background-position":"center center","background-size":"auto","background-attachment":"scroll","background-type":"","background-media":"","overlay-type":"","overlay-color":"","overlay-opacity":"","overlay-gradient":""},"tablet":{"background-color":"","background-image":"","background-repeat":"repeat","background-position":"center center","background-size":"auto","background-attachment":"scroll","background-type":"","background-media":"","overlay-type":"","overlay-color":"","overlay-opacity":"","overlay-gradient":""},"mobile":{"background-color":"","background-image":"","background-repeat":"repeat","background-position":"center center","background-size":"auto","background-attachment":"scroll","background-type":"","background-media":"","overlay-type":"","overlay-color":"","overlay-opacity":"","overlay-gradient":""}},"ast-content-background-meta":{"desktop":{"background-color":"var(--ast-global-color-5)","background-image":"","background-repeat":"repeat","background-position":"center center","background-size":"auto","background-attachment":"scroll","background-type":"","background-media":"","overlay-type":"","overlay-color":"","overlay-opacity":"","overlay-gradient":""},"tablet":{"background-color":"var(--ast-global-color-5)","background-image":"","background-repeat":"repeat","background-position":"center center","background-size":"auto","background-attachment":"scroll","background-type":"","background-media":"","overlay-type":"","overlay-color":"","overlay-opacity":"","overlay-gradient":""},"mobile":{"background-color":"var(--ast-global-color-5)","background-image":"","background-repeat":"repeat","background-position":"center center","background-size":"auto","background-attachment":"scroll","background-type":"","background-media":"","overlay-type":"","overlay-color":"","overlay-opacity":"","overlay-gradient":""}},"footnotes":""},"class_list":["post-851","page","type-page","status-publish","hentry"],"_links":{"self":[{"href":"https:\/\/spiroide.com\/ca\/wp-json\/wp\/v2\/pages\/851","targetHints":{"allow":["GET"]}}],"collection":[{"href":"https:\/\/spiroide.com\/ca\/wp-json\/wp\/v2\/pages"}],"about":[{"href":"https:\/\/spiroide.com\/ca\/wp-json\/wp\/v2\/types\/page"}],"author":[{"embeddable":true,"href":"https:\/\/spiroide.com\/ca\/wp-json\/wp\/v2\/users\/1"}],"replies":[{"embeddable":true,"href":"https:\/\/spiroide.com\/ca\/wp-json\/wp\/v2\/comments?post=851"}],"version-history":[{"count":1,"href":"https:\/\/spiroide.com\/ca\/wp-json\/wp\/v2\/pages\/851\/revisions"}],"predecessor-version":[{"id":852,"href":"https:\/\/spiroide.com\/ca\/wp-json\/wp\/v2\/pages\/851\/revisions\/852"}],"wp:attachment":[{"href":"https:\/\/spiroide.com\/ca\/wp-json\/wp\/v2\/media?parent=851"}],"curies":[{"name":"wp","href":"https:\/\/api.w.org\/{rel}","templated":true}]}}